{"id":5289,"date":"2013-10-16T02:00:05","date_gmt":"2013-10-16T02:00:05","guid":{"rendered":"http:\/\/littleacornelc.com\/cms\/?page_id=5289"},"modified":"2026-04-17T17:52:34","modified_gmt":"2026-04-17T21:52:34","slug":"monthly-menu","status":"publish","type":"page","link":"http:\/\/littleacornelc.com\/cms\/fr\/monthly-menu\/","title":{"rendered":"Repas"},"content":{"rendered":"<p>Nous vous invitons \u00e0 visiter le site web de <i>Acorn Early Learning Centre<\/i> pour voir un exemple du m\u00e9nu (le lien se trouve \u00e0 la page d\u2019accueil). Le lait homog\u00e8ne sera servi aux enfants de bas \u00e2ge et le lait de 2% sera servi aux enfants pr\u00e9scolaires.<\/p>","protected":false},"excerpt":{"rendered":"<p>Nous vous invitons \u00e0 visiter le site web de Acorn Early Learning Centre pour voir un exemple du m\u00e9nu (le lien se trouve \u00e0 la page d\u2019accueil). Le lait homog\u00e8ne sera servi aux enfants de bas \u00e2ge et le lait de 2% sera servi aux enfants pr\u00e9scolaires.<\/p>\n","protected":false},"author":1,"featured_media":0,"parent":0,"menu_order":0,"comment_status":"closed","ping_status":"closed","template":"","meta":[],"yoast_head":"<!-- This site is optimized with the Yoast SEO plugin v19.6.1 - https:\/\/yoast.com\/wordpress\/plugins\/seo\/ -->\n<title>Repas - Little Acorn Early Learning Centre<\/title>\n<meta name=\"robots\" content=\"index, follow, max-snippet:-1, max-image-preview:large, max-video-preview:-1\" \/>\n<link rel=\"canonical\" href=\"https:\/\/littleacornelc.com\/cms\/monthly-menu\/\" \/>\n<meta property=\"og:locale\" content=\"fr_FR\" \/>\n<meta property=\"og:type\" content=\"article\" \/>\n<meta property=\"og:title\" content=\"Repas - Little Acorn Early Learning Centre\" \/>\n<meta property=\"og:description\" content=\"Nous vous invitons \u00e0 visiter le site web de Acorn Early Learning Centre pour voir un exemple du m\u00e9nu (le lien se trouve \u00e0 la page d\u2019accueil). Le lait homog\u00e8ne sera servi aux enfants de bas \u00e2ge et le lait de 2% sera servi aux enfants pr\u00e9scolaires.\" \/>\n<meta property=\"og:url\" content=\"https:\/\/littleacornelc.com\/cms\/monthly-menu\/\" \/>\n<meta property=\"og:site_name\" content=\"Little Acorn Early Learning Centre\" \/>\n<meta property=\"article:modified_time\" content=\"2026-04-17T21:52:34+00:00\" \/>\n<meta name=\"twitter:label1\" content=\"Dur\u00e9e de lecture estim\u00e9e\" \/>\n\t<meta name=\"twitter:data1\" content=\"1 minute\" \/>\n<script type=\"application\/ld+json\" class=\"yoast-schema-graph\">{\"@context\":\"https:\/\/schema.org\",\"@graph\":[{\"@type\":\"WebPage\",\"@id\":\"https:\/\/littleacornelc.com\/cms\/monthly-menu\/\",\"url\":\"https:\/\/littleacornelc.com\/cms\/monthly-menu\/\",\"name\":\"Repas - Little Acorn Early Learning Centre\",\"isPartOf\":{\"@id\":\"http:\/\/littleacornelc.com\/cms\/fr\/#website\"},\"datePublished\":\"2013-10-16T02:00:05+00:00\",\"dateModified\":\"2026-04-17T21:52:34+00:00\",\"breadcrumb\":{\"@id\":\"https:\/\/littleacornelc.com\/cms\/monthly-menu\/#breadcrumb\"},\"inLanguage\":\"fr-FR\",\"potentialAction\":[{\"@type\":\"ReadAction\",\"target\":[\"https:\/\/littleacornelc.com\/cms\/monthly-menu\/\"]}]},{\"@type\":\"BreadcrumbList\",\"@id\":\"https:\/\/littleacornelc.com\/cms\/monthly-menu\/#breadcrumb\",\"itemListElement\":[{\"@type\":\"ListItem\",\"position\":1,\"name\":\"home\",\"item\":\"http:\/\/littleacornelc.com\/cms\/fr\/\"},{\"@type\":\"ListItem\",\"position\":2,\"name\":\"Monthly Menu\"}]},{\"@type\":\"WebSite\",\"@id\":\"http:\/\/littleacornelc.com\/cms\/fr\/#website\",\"url\":\"http:\/\/littleacornelc.com\/cms\/fr\/\",\"name\":\"Little Acorn Early Learning Centre\",\"description\":\"\",\"potentialAction\":[{\"@type\":\"SearchAction\",\"target\":{\"@type\":\"EntryPoint\",\"urlTemplate\":\"http:\/\/littleacornelc.com\/cms\/fr\/?s={search_term_string}\"},\"query-input\":\"required name=search_term_string\"}],\"inLanguage\":\"fr-FR\"}]}<\/script>\n<!-- \/ Yoast SEO plugin. -->","yoast_head_json":{"title":"Repas - Little Acorn Early Learning Centre","robots":{"index":"index","follow":"follow","max-snippet":"max-snippet:-1","max-image-preview":"max-image-preview:large","max-video-preview":"max-video-preview:-1"},"canonical":"https:\/\/littleacornelc.com\/cms\/monthly-menu\/","og_locale":"fr_FR","og_type":"article","og_title":"Repas - Little Acorn Early Learning Centre","og_description":"Nous vous invitons \u00e0 visiter le site web de Acorn Early Learning Centre pour voir un exemple du m\u00e9nu (le lien se trouve \u00e0 la page d\u2019accueil). Le lait homog\u00e8ne sera servi aux enfants de bas \u00e2ge et le lait de 2% sera servi aux enfants pr\u00e9scolaires.","og_url":"https:\/\/littleacornelc.com\/cms\/monthly-menu\/","og_site_name":"Little Acorn Early Learning Centre","article_modified_time":"2026-04-17T21:52:34+00:00","twitter_misc":{"Dur\u00e9e de lecture estim\u00e9e":"1 minute"},"schema":{"@context":"https:\/\/schema.org","@graph":[{"@type":"WebPage","@id":"https:\/\/littleacornelc.com\/cms\/monthly-menu\/","url":"https:\/\/littleacornelc.com\/cms\/monthly-menu\/","name":"Repas - Little Acorn Early Learning Centre","isPartOf":{"@id":"http:\/\/littleacornelc.com\/cms\/fr\/#website"},"datePublished":"2013-10-16T02:00:05+00:00","dateModified":"2026-04-17T21:52:34+00:00","breadcrumb":{"@id":"https:\/\/littleacornelc.com\/cms\/monthly-menu\/#breadcrumb"},"inLanguage":"fr-FR","potentialAction":[{"@type":"ReadAction","target":["https:\/\/littleacornelc.com\/cms\/monthly-menu\/"]}]},{"@type":"BreadcrumbList","@id":"https:\/\/littleacornelc.com\/cms\/monthly-menu\/#breadcrumb","itemListElement":[{"@type":"ListItem","position":1,"name":"home","item":"http:\/\/littleacornelc.com\/cms\/fr\/"},{"@type":"ListItem","position":2,"name":"Monthly Menu"}]},{"@type":"WebSite","@id":"http:\/\/littleacornelc.com\/cms\/fr\/#website","url":"http:\/\/littleacornelc.com\/cms\/fr\/","name":"Little Acorn Early Learning Centre","description":"","potentialAction":[{"@type":"SearchAction","target":{"@type":"EntryPoint","urlTemplate":"http:\/\/littleacornelc.com\/cms\/fr\/?s={search_term_string}"},"query-input":"required name=search_term_string"}],"inLanguage":"fr-FR"}]}},"_links":{"self":[{"href":"http:\/\/littleacornelc.com\/cms\/fr\/wp-json\/wp\/v2\/pages\/5289"}],"collection":[{"href":"http:\/\/littleacornelc.com\/cms\/fr\/wp-json\/wp\/v2\/pages"}],"about":[{"href":"http:\/\/littleacornelc.com\/cms\/fr\/wp-json\/wp\/v2\/types\/page"}],"author":[{"embeddable":true,"href":"http:\/\/littleacornelc.com\/cms\/fr\/wp-json\/wp\/v2\/users\/1"}],"replies":[{"embeddable":true,"href":"http:\/\/littleacornelc.com\/cms\/fr\/wp-json\/wp\/v2\/comments?post=5289"}],"version-history":[{"count":204,"href":"http:\/\/littleacornelc.com\/cms\/fr\/wp-json\/wp\/v2\/pages\/5289\/revisions"}],"predecessor-version":[{"id":6422,"href":"http:\/\/littleacornelc.com\/cms\/fr\/wp-json\/wp\/v2\/pages\/5289\/revisions\/6422"}],"wp:attachment":[{"href":"http:\/\/littleacornelc.com\/cms\/fr\/wp-json\/wp\/v2\/media?parent=5289"}],"curies":[{"name":"wp","href":"https:\/\/api.w.org\/{rel}","templated":true}]}}