{"id":5273,"date":"2013-10-16T01:34:42","date_gmt":"2013-10-16T01:34:42","guid":{"rendered":"http:\/\/littleacornelc.com\/cms\/?page_id=5273"},"modified":"2015-04-05T18:30:50","modified_gmt":"2015-04-05T22:30:50","slug":"open-door-policy","status":"publish","type":"page","link":"http:\/\/littleacornelc.com\/cms\/fr\/open-door-policy\/","title":{"rendered":"Politique de porte-ouverte"},"content":{"rendered":"<p><i>Little Acorn<\/i> comprend et respecte bien que la relation la plus importante est celle entre un parent et son enfant. Nous savons \u00e0 quel point c\u2019est difficile de laisser son enfant aux soins des autres. Il est important que vous ayez aussi une relation avec les \u00e9ducateurs \u00e0 <i>Little Acorn<\/i> et nous vous encourageons \u00e0 passer autant de temps que possible au centre. Nous aimerions que vous veniez prendre le lunch avec votre enfant ou que vos veniez lui rendre visite \u00e0 tout autre moment de la journ\u00e9e.<\/p>","protected":false},"excerpt":{"rendered":"<p>Little Acorn comprend et respecte bien que la relation la plus importante est celle entre un parent et son enfant. Nous savons \u00e0 quel point c\u2019est difficile de laisser son enfant aux soins des autres. Il est important que vous ayez aussi une relation avec les \u00e9ducateurs \u00e0 Little Acorn et nous vous encourageons \u00e0&#8230;  <a class=\"excerpt-read-more\" href=\"http:\/\/littleacornelc.com\/cms\/fr\/open-door-policy\/\" title=\"Read Politique de porte-ouverte\">Lire la suite &raquo;<\/a><\/p>\n","protected":false},"author":1,"featured_media":0,"parent":0,"menu_order":0,"comment_status":"closed","ping_status":"closed","template":"","meta":[],"yoast_head":"<!-- This site is optimized with the Yoast SEO plugin v19.6.1 - https:\/\/yoast.com\/wordpress\/plugins\/seo\/ -->\n<title>Politique de porte-ouverte - Little Acorn Early Learning Centre<\/title>\n<meta name=\"robots\" content=\"index, follow, max-snippet:-1, max-image-preview:large, max-video-preview:-1\" \/>\n<link rel=\"canonical\" href=\"http:\/\/littleacornelc.com\/cms\/open-door-policy\/\" \/>\n<meta property=\"og:locale\" content=\"fr_FR\" \/>\n<meta property=\"og:type\" content=\"article\" \/>\n<meta property=\"og:title\" content=\"Politique de porte-ouverte - Little Acorn Early Learning Centre\" \/>\n<meta property=\"og:description\" content=\"Little Acorn comprend et respecte bien que la relation la plus importante est celle entre un parent et son enfant. Nous savons \u00e0 quel point c\u2019est difficile de laisser son enfant aux soins des autres. Il est important que vous ayez aussi une relation avec les \u00e9ducateurs \u00e0 Little Acorn et nous vous encourageons \u00e0... Lire la suite &raquo;\" \/>\n<meta property=\"og:url\" content=\"http:\/\/littleacornelc.com\/cms\/open-door-policy\/\" \/>\n<meta property=\"og:site_name\" content=\"Little Acorn Early Learning Centre\" \/>\n<meta property=\"article:modified_time\" content=\"2015-04-05T22:30:50+00:00\" \/>\n<meta name=\"twitter:label1\" content=\"Dur\u00e9e de lecture estim\u00e9e\" \/>\n\t<meta name=\"twitter:data1\" content=\"1 minute\" \/>\n<script type=\"application\/ld+json\" class=\"yoast-schema-graph\">{\"@context\":\"https:\/\/schema.org\",\"@graph\":[{\"@type\":\"WebPage\",\"@id\":\"http:\/\/littleacornelc.com\/cms\/open-door-policy\/\",\"url\":\"http:\/\/littleacornelc.com\/cms\/open-door-policy\/\",\"name\":\"Politique de porte-ouverte - Little Acorn Early Learning Centre\",\"isPartOf\":{\"@id\":\"https:\/\/littleacornelc.com\/cms\/#website\"},\"datePublished\":\"2013-10-16T01:34:42+00:00\",\"dateModified\":\"2015-04-05T22:30:50+00:00\",\"breadcrumb\":{\"@id\":\"http:\/\/littleacornelc.com\/cms\/open-door-policy\/#breadcrumb\"},\"inLanguage\":\"fr-FR\",\"potentialAction\":[{\"@type\":\"ReadAction\",\"target\":[\"http:\/\/littleacornelc.com\/cms\/open-door-policy\/\"]}]},{\"@type\":\"BreadcrumbList\",\"@id\":\"http:\/\/littleacornelc.com\/cms\/open-door-policy\/#breadcrumb\",\"itemListElement\":[{\"@type\":\"ListItem\",\"position\":1,\"name\":\"home\",\"item\":\"https:\/\/littleacornelc.com\/cms\/\"},{\"@type\":\"ListItem\",\"position\":2,\"name\":\"Open Door Policy\"}]},{\"@type\":\"WebSite\",\"@id\":\"https:\/\/littleacornelc.com\/cms\/#website\",\"url\":\"https:\/\/littleacornelc.com\/cms\/\",\"name\":\"Little Acorn Early Learning Centre\",\"description\":\"\",\"potentialAction\":[{\"@type\":\"SearchAction\",\"target\":{\"@type\":\"EntryPoint\",\"urlTemplate\":\"https:\/\/littleacornelc.com\/cms\/?s={search_term_string}\"},\"query-input\":\"required name=search_term_string\"}],\"inLanguage\":\"fr-FR\"}]}<\/script>\n<!-- \/ Yoast SEO plugin. -->","yoast_head_json":{"title":"Politique de porte-ouverte - Little Acorn Early Learning Centre","robots":{"index":"index","follow":"follow","max-snippet":"max-snippet:-1","max-image-preview":"max-image-preview:large","max-video-preview":"max-video-preview:-1"},"canonical":"http:\/\/littleacornelc.com\/cms\/open-door-policy\/","og_locale":"fr_FR","og_type":"article","og_title":"Politique de porte-ouverte - Little Acorn Early Learning Centre","og_description":"Little Acorn comprend et respecte bien que la relation la plus importante est celle entre un parent et son enfant. Nous savons \u00e0 quel point c\u2019est difficile de laisser son enfant aux soins des autres. Il est important que vous ayez aussi une relation avec les \u00e9ducateurs \u00e0 Little Acorn et nous vous encourageons \u00e0... Lire la suite &raquo;","og_url":"http:\/\/littleacornelc.com\/cms\/open-door-policy\/","og_site_name":"Little Acorn Early Learning Centre","article_modified_time":"2015-04-05T22:30:50+00:00","twitter_misc":{"Dur\u00e9e de lecture estim\u00e9e":"1 minute"},"schema":{"@context":"https:\/\/schema.org","@graph":[{"@type":"WebPage","@id":"http:\/\/littleacornelc.com\/cms\/open-door-policy\/","url":"http:\/\/littleacornelc.com\/cms\/open-door-policy\/","name":"Politique de porte-ouverte - Little Acorn Early Learning Centre","isPartOf":{"@id":"https:\/\/littleacornelc.com\/cms\/#website"},"datePublished":"2013-10-16T01:34:42+00:00","dateModified":"2015-04-05T22:30:50+00:00","breadcrumb":{"@id":"http:\/\/littleacornelc.com\/cms\/open-door-policy\/#breadcrumb"},"inLanguage":"fr-FR","potentialAction":[{"@type":"ReadAction","target":["http:\/\/littleacornelc.com\/cms\/open-door-policy\/"]}]},{"@type":"BreadcrumbList","@id":"http:\/\/littleacornelc.com\/cms\/open-door-policy\/#breadcrumb","itemListElement":[{"@type":"ListItem","position":1,"name":"home","item":"https:\/\/littleacornelc.com\/cms\/"},{"@type":"ListItem","position":2,"name":"Open Door Policy"}]},{"@type":"WebSite","@id":"https:\/\/littleacornelc.com\/cms\/#website","url":"https:\/\/littleacornelc.com\/cms\/","name":"Little Acorn Early Learning Centre","description":"","potentialAction":[{"@type":"SearchAction","target":{"@type":"EntryPoint","urlTemplate":"https:\/\/littleacornelc.com\/cms\/?s={search_term_string}"},"query-input":"required name=search_term_string"}],"inLanguage":"fr-FR"}]}},"_links":{"self":[{"href":"http:\/\/littleacornelc.com\/cms\/fr\/wp-json\/wp\/v2\/pages\/5273"}],"collection":[{"href":"http:\/\/littleacornelc.com\/cms\/fr\/wp-json\/wp\/v2\/pages"}],"about":[{"href":"http:\/\/littleacornelc.com\/cms\/fr\/wp-json\/wp\/v2\/types\/page"}],"author":[{"embeddable":true,"href":"http:\/\/littleacornelc.com\/cms\/fr\/wp-json\/wp\/v2\/users\/1"}],"replies":[{"embeddable":true,"href":"http:\/\/littleacornelc.com\/cms\/fr\/wp-json\/wp\/v2\/comments?post=5273"}],"version-history":[{"count":1,"href":"http:\/\/littleacornelc.com\/cms\/fr\/wp-json\/wp\/v2\/pages\/5273\/revisions"}],"predecessor-version":[{"id":5536,"href":"http:\/\/littleacornelc.com\/cms\/fr\/wp-json\/wp\/v2\/pages\/5273\/revisions\/5536"}],"wp:attachment":[{"href":"http:\/\/littleacornelc.com\/cms\/fr\/wp-json\/wp\/v2\/media?parent=5273"}],"curies":[{"name":"wp","href":"https:\/\/api.w.org\/{rel}","templated":true}]}}