{"id":5269,"date":"2013-10-16T01:33:20","date_gmt":"2013-10-16T01:33:20","guid":{"rendered":"http:\/\/littleacornelc.com\/cms\/?page_id=5269"},"modified":"2015-04-05T18:29:51","modified_gmt":"2015-04-05T22:29:51","slug":"philosophy-2","status":"publish","type":"page","link":"http:\/\/littleacornelc.com\/cms\/fr\/philosophy\/","title":{"rendered":"Notre Philosophie"},"content":{"rendered":"<p>L\u2019objectif du centre <i>Little Acorn<\/i> est de fournir des programmes d\u2019apprentissage et d\u2019exp\u00e9riences appropri\u00e9s au d\u00e9veloppement des enfants en bas \u00e2ge et d\u2019\u00e2ge pr\u00e9scolaire. Nous nous effor\u00e7ons d\u2019atteindre cet objectif en promouvant la plus haute qualit\u00e9 de professionnalisme et de coh\u00e9rence et un environnement scolaire respectueux, avec un personnel d\u00e9vou\u00e9, qualifi\u00e9 et soucieux.<\/p>\n<p>Nous croyons que l\u2019apprentissage est un processus actif d\u2019auto-construction qui s\u2019effectue en nous tous &#8211; les enfants, les parents, les \u00e9ducateurs, les amis \u2013 tout au long de nos routines quotidiennes, des \u00e9v\u00e9nements sp\u00e9ciaux, et dans la compagnie des autres. L\u2019\u00e9ducateur \u00e9coute attentivement \u00e0 l&rsquo;enfant en tant qu\u2019individu: comp\u00e9tent, ing\u00e9nieux, curieux, imaginatif et inventif, chacun d\u00e9sirant de communiquer avec les autres et avec son environnement. Nous croyons que tout apprentissage \u2013 physique, intellectuel, \u00e9motionnel, social, moral, esth\u00e9tique et cr\u00e9atif \u2013 est reli\u00e9. Il faut avoir des partenariats solides entre tous les environnements d\u2019apprentissage social \u2013 l\u2019\u00e9cole, le foyer et la communaut\u00e9 \u2013 pour faciliter le d\u00e9veloppement de l\u2019enfant. Nous sommes vos partenaires. Chacun de nous, enfants et adultes, apporte sa propre histoire.  Nous, en tant qu\u2019\u00e9ducateurs, devons \u00e9couter, dans le sens le plus profond, l\u2019histoire personnelle et la perspective de chaque enfant et de ses parents, afin de rendre notre curriculum et les exp\u00e9riences quotidiennes en classe significatives. L\u2019environnement du centre sera organis\u00e9 pour offrir des occasions d\u2019apprentissage productives rattach\u00e9es \u00e0 ces exp\u00e9riences.<\/p>\n<p>Les enfants sont encourag\u00e9s \u00e0 explorer et \u00e0 r\u00e9soudre des probl\u00e8mes par eux-m\u00eames et en groupes, de participer \u00e0 de petits et de grands projets, de conna\u00eetre et de respecter leur monde ainsi qu\u2019eux-m\u00eames et les autres. Nous sommes conscients de notre responsabilit\u00e9 de pr\u00e9parer les enfants pour un environnement plus formel et nous offrons des exp\u00e9riences qui r\u00e9pondront \u00e0 ce besoin. Nous croyons qu\u2019il est important pour les \u00e9ducateurs de jeunes enfants de poursuivre une croissance professionnelle. \u00c0 cet \u00e9gard, nous fournissons le d\u00e9veloppement professionnel et nous encourageons l\u2019\u00e9tude ind\u00e9pendante. Cela permet d\u2019assurer que le personnel soit pr\u00eat \u00e0 relever les d\u00e9fis d\u2019offrir un programme d\u2019apprentissage mis-\u00e0-jour avec les meilleures pratiques pour la croissance et le d\u00e9veloppement optimal des enfants. Nous sommes conscients de la valeur des partenariats \u00e9troits entre le centre, les familles et la communaut\u00e9 dans l\u2019\u00e9ducation des jeunes enfants et nous favorisons les possibilit\u00e9s de d\u00e9velopper ces relations.<\/p>\n<p>Nous sommes heureux d\u2019offrir l\u2019opportunit\u00e9 pour la formation pratique des futurs \u00e9ducateurs en concert avec les \u00e9coles secondaires et les coll\u00e8ges locaux. Enfin, nous tenons \u00e0 c\u0153ur la responsabilit\u00e9 importante qui nous est confi\u00e9e par les parents, de prendre soin de leurs enfants, de les aimer, de leur fournir un environnement s\u00e9curitaire et attrayant o\u00f9 ils peuvent apprendre, grandir, et jouer, et d\u2019\u00eatre vos partenaires lors de ce moment important de leur petite-enfance.<\/p>","protected":false},"excerpt":{"rendered":"<p>L\u2019objectif du centre Little Acorn est de fournir des programmes d\u2019apprentissage et d\u2019exp\u00e9riences appropri\u00e9s au d\u00e9veloppement des enfants en bas \u00e2ge et d\u2019\u00e2ge pr\u00e9scolaire. Nous nous effor\u00e7ons d\u2019atteindre cet objectif en promouvant la plus haute qualit\u00e9 de professionnalisme et de coh\u00e9rence et un environnement scolaire respectueux, avec un personnel d\u00e9vou\u00e9, qualifi\u00e9 et soucieux. Nous croyons&#8230;  <a class=\"excerpt-read-more\" href=\"http:\/\/littleacornelc.com\/cms\/fr\/philosophy\/\" title=\"Read Notre Philosophie\">Lire la suite &raquo;<\/a><\/p>\n","protected":false},"author":1,"featured_media":0,"parent":0,"menu_order":0,"comment_status":"closed","ping_status":"closed","template":"","meta":[],"yoast_head":"<!-- This site is optimized with the Yoast SEO plugin v19.6.1 - https:\/\/yoast.com\/wordpress\/plugins\/seo\/ -->\n<title>Notre Philosophie - Little Acorn Early Learning Centre<\/title>\n<meta name=\"robots\" content=\"index, follow, max-snippet:-1, max-image-preview:large, max-video-preview:-1\" \/>\n<link rel=\"canonical\" href=\"http:\/\/littleacornelc.com\/cms\/philosophy\/\" \/>\n<meta property=\"og:locale\" content=\"fr_FR\" \/>\n<meta property=\"og:type\" content=\"article\" \/>\n<meta property=\"og:title\" content=\"Notre Philosophie - Little Acorn Early Learning Centre\" \/>\n<meta property=\"og:description\" content=\"L\u2019objectif du centre Little Acorn est de fournir des programmes d\u2019apprentissage et d\u2019exp\u00e9riences appropri\u00e9s au d\u00e9veloppement des enfants en bas \u00e2ge et d\u2019\u00e2ge pr\u00e9scolaire. Nous nous effor\u00e7ons d\u2019atteindre cet objectif en promouvant la plus haute qualit\u00e9 de professionnalisme et de coh\u00e9rence et un environnement scolaire respectueux, avec un personnel d\u00e9vou\u00e9, qualifi\u00e9 et soucieux. Nous croyons... Lire la suite &raquo;\" \/>\n<meta property=\"og:url\" content=\"http:\/\/littleacornelc.com\/cms\/philosophy\/\" \/>\n<meta property=\"og:site_name\" content=\"Little Acorn Early Learning Centre\" \/>\n<meta property=\"article:modified_time\" content=\"2015-04-05T22:29:51+00:00\" \/>\n<meta name=\"twitter:label1\" content=\"Dur\u00e9e de lecture estim\u00e9e\" \/>\n\t<meta name=\"twitter:data1\" content=\"5 minutes\" \/>\n<script type=\"application\/ld+json\" class=\"yoast-schema-graph\">{\"@context\":\"https:\/\/schema.org\",\"@graph\":[{\"@type\":\"WebPage\",\"@id\":\"http:\/\/littleacornelc.com\/cms\/philosophy\/\",\"url\":\"http:\/\/littleacornelc.com\/cms\/philosophy\/\",\"name\":\"Notre Philosophie - Little Acorn Early Learning Centre\",\"isPartOf\":{\"@id\":\"http:\/\/littleacornelc.com\/cms\/fr\/#website\"},\"datePublished\":\"2013-10-16T01:33:20+00:00\",\"dateModified\":\"2015-04-05T22:29:51+00:00\",\"breadcrumb\":{\"@id\":\"http:\/\/littleacornelc.com\/cms\/philosophy\/#breadcrumb\"},\"inLanguage\":\"fr-FR\",\"potentialAction\":[{\"@type\":\"ReadAction\",\"target\":[\"http:\/\/littleacornelc.com\/cms\/philosophy\/\"]}]},{\"@type\":\"BreadcrumbList\",\"@id\":\"http:\/\/littleacornelc.com\/cms\/philosophy\/#breadcrumb\",\"itemListElement\":[{\"@type\":\"ListItem\",\"position\":1,\"name\":\"home\",\"item\":\"http:\/\/littleacornelc.com\/cms\/fr\/\"},{\"@type\":\"ListItem\",\"position\":2,\"name\":\"Philosophy\"}]},{\"@type\":\"WebSite\",\"@id\":\"http:\/\/littleacornelc.com\/cms\/fr\/#website\",\"url\":\"http:\/\/littleacornelc.com\/cms\/fr\/\",\"name\":\"Little Acorn Early Learning Centre\",\"description\":\"\",\"potentialAction\":[{\"@type\":\"SearchAction\",\"target\":{\"@type\":\"EntryPoint\",\"urlTemplate\":\"http:\/\/littleacornelc.com\/cms\/fr\/?s={search_term_string}\"},\"query-input\":\"required name=search_term_string\"}],\"inLanguage\":\"fr-FR\"}]}<\/script>\n<!-- \/ Yoast SEO plugin. -->","yoast_head_json":{"title":"Notre Philosophie - Little Acorn Early Learning Centre","robots":{"index":"index","follow":"follow","max-snippet":"max-snippet:-1","max-image-preview":"max-image-preview:large","max-video-preview":"max-video-preview:-1"},"canonical":"http:\/\/littleacornelc.com\/cms\/philosophy\/","og_locale":"fr_FR","og_type":"article","og_title":"Notre Philosophie - Little Acorn Early Learning Centre","og_description":"L\u2019objectif du centre Little Acorn est de fournir des programmes d\u2019apprentissage et d\u2019exp\u00e9riences appropri\u00e9s au d\u00e9veloppement des enfants en bas \u00e2ge et d\u2019\u00e2ge pr\u00e9scolaire. Nous nous effor\u00e7ons d\u2019atteindre cet objectif en promouvant la plus haute qualit\u00e9 de professionnalisme et de coh\u00e9rence et un environnement scolaire respectueux, avec un personnel d\u00e9vou\u00e9, qualifi\u00e9 et soucieux. Nous croyons... Lire la suite &raquo;","og_url":"http:\/\/littleacornelc.com\/cms\/philosophy\/","og_site_name":"Little Acorn Early Learning Centre","article_modified_time":"2015-04-05T22:29:51+00:00","twitter_misc":{"Dur\u00e9e de lecture estim\u00e9e":"5 minutes"},"schema":{"@context":"https:\/\/schema.org","@graph":[{"@type":"WebPage","@id":"http:\/\/littleacornelc.com\/cms\/philosophy\/","url":"http:\/\/littleacornelc.com\/cms\/philosophy\/","name":"Notre Philosophie - Little Acorn Early Learning Centre","isPartOf":{"@id":"http:\/\/littleacornelc.com\/cms\/fr\/#website"},"datePublished":"2013-10-16T01:33:20+00:00","dateModified":"2015-04-05T22:29:51+00:00","breadcrumb":{"@id":"http:\/\/littleacornelc.com\/cms\/philosophy\/#breadcrumb"},"inLanguage":"fr-FR","potentialAction":[{"@type":"ReadAction","target":["http:\/\/littleacornelc.com\/cms\/philosophy\/"]}]},{"@type":"BreadcrumbList","@id":"http:\/\/littleacornelc.com\/cms\/philosophy\/#breadcrumb","itemListElement":[{"@type":"ListItem","position":1,"name":"home","item":"http:\/\/littleacornelc.com\/cms\/fr\/"},{"@type":"ListItem","position":2,"name":"Philosophy"}]},{"@type":"WebSite","@id":"http:\/\/littleacornelc.com\/cms\/fr\/#website","url":"http:\/\/littleacornelc.com\/cms\/fr\/","name":"Little Acorn Early Learning Centre","description":"","potentialAction":[{"@type":"SearchAction","target":{"@type":"EntryPoint","urlTemplate":"http:\/\/littleacornelc.com\/cms\/fr\/?s={search_term_string}"},"query-input":"required name=search_term_string"}],"inLanguage":"fr-FR"}]}},"_links":{"self":[{"href":"http:\/\/littleacornelc.com\/cms\/fr\/wp-json\/wp\/v2\/pages\/5269"}],"collection":[{"href":"http:\/\/littleacornelc.com\/cms\/fr\/wp-json\/wp\/v2\/pages"}],"about":[{"href":"http:\/\/littleacornelc.com\/cms\/fr\/wp-json\/wp\/v2\/types\/page"}],"author":[{"embeddable":true,"href":"http:\/\/littleacornelc.com\/cms\/fr\/wp-json\/wp\/v2\/users\/1"}],"replies":[{"embeddable":true,"href":"http:\/\/littleacornelc.com\/cms\/fr\/wp-json\/wp\/v2\/comments?post=5269"}],"version-history":[{"count":1,"href":"http:\/\/littleacornelc.com\/cms\/fr\/wp-json\/wp\/v2\/pages\/5269\/revisions"}],"predecessor-version":[{"id":5534,"href":"http:\/\/littleacornelc.com\/cms\/fr\/wp-json\/wp\/v2\/pages\/5269\/revisions\/5534"}],"wp:attachment":[{"href":"http:\/\/littleacornelc.com\/cms\/fr\/wp-json\/wp\/v2\/media?parent=5269"}],"curies":[{"name":"wp","href":"https:\/\/api.w.org\/{rel}","templated":true}]}}