{"id":5266,"date":"2013-10-16T01:32:18","date_gmt":"2013-10-16T01:32:18","guid":{"rendered":"http:\/\/littleacornelc.com\/cms\/?page_id=5266"},"modified":"2015-04-05T18:36:03","modified_gmt":"2015-04-05T22:36:03","slug":"welcome-to-little-acorn-early-learning-centre","status":"publish","type":"page","link":"http:\/\/littleacornelc.com\/cms\/fr\/welcome-to-little-acorn-early-learning-centre\/","title":{"rendered":"Bienvenue au centre de la petite enfance \u2013 Little Acorn Early Learning Centre"},"content":{"rendered":"<p>Notre objectif est de fournir des programmes d\u2019apprentissage et d\u2019exp\u00e9riences appropri\u00e9es au d\u00e9veloppement de tous les enfants, tout en int\u00e9grant les principes de l\u2019approche Reggio \u00e0 l\u2019\u00e9ducation de la petite enfance.<\/p>\n<p>Nous sommes heureux d\u2019\u00eatre votre partenaire en offrant la meilleure \u00e9ducation et les meilleurs soins pour vos enfants par le biais des meilleurs pratiques possibles.<\/p>\n<p>Little Acorn Early Learning Centre se rend compte de l\u2019importance de bonnes racines solides pour l\u2019avenir des enfants.<\/p>","protected":false},"excerpt":{"rendered":"<p>Notre objectif est de fournir des programmes d\u2019apprentissage et d\u2019exp\u00e9riences appropri\u00e9es au d\u00e9veloppement de tous les enfants, tout en int\u00e9grant les principes de l\u2019approche Reggio \u00e0 l\u2019\u00e9ducation de la petite enfance. Nous sommes heureux d\u2019\u00eatre votre partenaire en offrant la meilleure \u00e9ducation et les meilleurs soins pour vos enfants par le biais des meilleurs pratiques&#8230;  <a class=\"excerpt-read-more\" href=\"http:\/\/littleacornelc.com\/cms\/fr\/welcome-to-little-acorn-early-learning-centre\/\" title=\"Read Bienvenue au centre de la petite enfance \u2013 Little Acorn Early Learning Centre\">Lire la suite &raquo;<\/a><\/p>\n","protected":false},"author":1,"featured_media":0,"parent":0,"menu_order":0,"comment_status":"closed","ping_status":"closed","template":"","meta":[],"yoast_head":"<!-- This site is optimized with the Yoast SEO plugin v19.6.1 - https:\/\/yoast.com\/wordpress\/plugins\/seo\/ -->\n<title>Bienvenue au centre de la petite enfance \u2013 Little Acorn Early Learning Centre - Little Acorn Early Learning Centre<\/title>\n<meta name=\"robots\" content=\"index, follow, max-snippet:-1, max-image-preview:large, max-video-preview:-1\" \/>\n<link rel=\"canonical\" href=\"https:\/\/littleacornelc.com\/cms\/welcome-to-little-acorn-early-learning-centre-2\/\" \/>\n<meta property=\"og:locale\" content=\"fr_FR\" \/>\n<meta property=\"og:type\" content=\"article\" \/>\n<meta property=\"og:title\" content=\"Bienvenue au centre de la petite enfance \u2013 Little Acorn Early Learning Centre - Little Acorn Early Learning Centre\" \/>\n<meta property=\"og:description\" content=\"Notre objectif est de fournir des programmes d\u2019apprentissage et d\u2019exp\u00e9riences appropri\u00e9es au d\u00e9veloppement de tous les enfants, tout en int\u00e9grant les principes de l\u2019approche Reggio \u00e0 l\u2019\u00e9ducation de la petite enfance. Nous sommes heureux d\u2019\u00eatre votre partenaire en offrant la meilleure \u00e9ducation et les meilleurs soins pour vos enfants par le biais des meilleurs pratiques... Lire la suite &raquo;\" \/>\n<meta property=\"og:url\" content=\"https:\/\/littleacornelc.com\/cms\/welcome-to-little-acorn-early-learning-centre-2\/\" \/>\n<meta property=\"og:site_name\" content=\"Little Acorn Early Learning Centre\" \/>\n<meta property=\"article:modified_time\" content=\"2015-04-05T22:36:03+00:00\" \/>\n<meta name=\"twitter:label1\" content=\"Dur\u00e9e de lecture estim\u00e9e\" \/>\n\t<meta name=\"twitter:data1\" content=\"1 minute\" \/>\n<script type=\"application\/ld+json\" class=\"yoast-schema-graph\">{\"@context\":\"https:\/\/schema.org\",\"@graph\":[{\"@type\":\"WebPage\",\"@id\":\"https:\/\/littleacornelc.com\/cms\/welcome-to-little-acorn-early-learning-centre-2\/\",\"url\":\"https:\/\/littleacornelc.com\/cms\/welcome-to-little-acorn-early-learning-centre-2\/\",\"name\":\"Bienvenue au centre de la petite enfance \u2013 Little Acorn Early Learning Centre - Little Acorn Early Learning Centre\",\"isPartOf\":{\"@id\":\"https:\/\/littleacornelc.com\/cms\/fr\/#website\"},\"datePublished\":\"2013-10-16T01:32:18+00:00\",\"dateModified\":\"2015-04-05T22:36:03+00:00\",\"breadcrumb\":{\"@id\":\"https:\/\/littleacornelc.com\/cms\/welcome-to-little-acorn-early-learning-centre-2\/#breadcrumb\"},\"inLanguage\":\"fr-FR\",\"potentialAction\":[{\"@type\":\"ReadAction\",\"target\":[\"https:\/\/littleacornelc.com\/cms\/welcome-to-little-acorn-early-learning-centre-2\/\"]}]},{\"@type\":\"BreadcrumbList\",\"@id\":\"https:\/\/littleacornelc.com\/cms\/welcome-to-little-acorn-early-learning-centre-2\/#breadcrumb\",\"itemListElement\":[{\"@type\":\"ListItem\",\"position\":1,\"name\":\"home\",\"item\":\"https:\/\/littleacornelc.com\/cms\/fr\/\"},{\"@type\":\"ListItem\",\"position\":2,\"name\":\"Welcome to Little Acorn Early Learning Centre\"}]},{\"@type\":\"WebSite\",\"@id\":\"https:\/\/littleacornelc.com\/cms\/fr\/#website\",\"url\":\"https:\/\/littleacornelc.com\/cms\/fr\/\",\"name\":\"Little Acorn Early Learning Centre\",\"description\":\"\",\"potentialAction\":[{\"@type\":\"SearchAction\",\"target\":{\"@type\":\"EntryPoint\",\"urlTemplate\":\"https:\/\/littleacornelc.com\/cms\/fr\/?s={search_term_string}\"},\"query-input\":\"required name=search_term_string\"}],\"inLanguage\":\"fr-FR\"}]}<\/script>\n<!-- \/ Yoast SEO plugin. -->","yoast_head_json":{"title":"Bienvenue au centre de la petite enfance \u2013 Little Acorn Early Learning Centre - Little Acorn Early Learning Centre","robots":{"index":"index","follow":"follow","max-snippet":"max-snippet:-1","max-image-preview":"max-image-preview:large","max-video-preview":"max-video-preview:-1"},"canonical":"https:\/\/littleacornelc.com\/cms\/welcome-to-little-acorn-early-learning-centre-2\/","og_locale":"fr_FR","og_type":"article","og_title":"Bienvenue au centre de la petite enfance \u2013 Little Acorn Early Learning Centre - Little Acorn Early Learning Centre","og_description":"Notre objectif est de fournir des programmes d\u2019apprentissage et d\u2019exp\u00e9riences appropri\u00e9es au d\u00e9veloppement de tous les enfants, tout en int\u00e9grant les principes de l\u2019approche Reggio \u00e0 l\u2019\u00e9ducation de la petite enfance. Nous sommes heureux d\u2019\u00eatre votre partenaire en offrant la meilleure \u00e9ducation et les meilleurs soins pour vos enfants par le biais des meilleurs pratiques... Lire la suite &raquo;","og_url":"https:\/\/littleacornelc.com\/cms\/welcome-to-little-acorn-early-learning-centre-2\/","og_site_name":"Little Acorn Early Learning Centre","article_modified_time":"2015-04-05T22:36:03+00:00","twitter_misc":{"Dur\u00e9e de lecture estim\u00e9e":"1 minute"},"schema":{"@context":"https:\/\/schema.org","@graph":[{"@type":"WebPage","@id":"https:\/\/littleacornelc.com\/cms\/welcome-to-little-acorn-early-learning-centre-2\/","url":"https:\/\/littleacornelc.com\/cms\/welcome-to-little-acorn-early-learning-centre-2\/","name":"Bienvenue au centre de la petite enfance \u2013 Little Acorn Early Learning Centre - Little Acorn Early Learning Centre","isPartOf":{"@id":"https:\/\/littleacornelc.com\/cms\/fr\/#website"},"datePublished":"2013-10-16T01:32:18+00:00","dateModified":"2015-04-05T22:36:03+00:00","breadcrumb":{"@id":"https:\/\/littleacornelc.com\/cms\/welcome-to-little-acorn-early-learning-centre-2\/#breadcrumb"},"inLanguage":"fr-FR","potentialAction":[{"@type":"ReadAction","target":["https:\/\/littleacornelc.com\/cms\/welcome-to-little-acorn-early-learning-centre-2\/"]}]},{"@type":"BreadcrumbList","@id":"https:\/\/littleacornelc.com\/cms\/welcome-to-little-acorn-early-learning-centre-2\/#breadcrumb","itemListElement":[{"@type":"ListItem","position":1,"name":"home","item":"https:\/\/littleacornelc.com\/cms\/fr\/"},{"@type":"ListItem","position":2,"name":"Welcome to Little Acorn Early Learning Centre"}]},{"@type":"WebSite","@id":"https:\/\/littleacornelc.com\/cms\/fr\/#website","url":"https:\/\/littleacornelc.com\/cms\/fr\/","name":"Little Acorn Early Learning Centre","description":"","potentialAction":[{"@type":"SearchAction","target":{"@type":"EntryPoint","urlTemplate":"https:\/\/littleacornelc.com\/cms\/fr\/?s={search_term_string}"},"query-input":"required name=search_term_string"}],"inLanguage":"fr-FR"}]}},"_links":{"self":[{"href":"http:\/\/littleacornelc.com\/cms\/fr\/wp-json\/wp\/v2\/pages\/5266"}],"collection":[{"href":"http:\/\/littleacornelc.com\/cms\/fr\/wp-json\/wp\/v2\/pages"}],"about":[{"href":"http:\/\/littleacornelc.com\/cms\/fr\/wp-json\/wp\/v2\/types\/page"}],"author":[{"embeddable":true,"href":"http:\/\/littleacornelc.com\/cms\/fr\/wp-json\/wp\/v2\/users\/1"}],"replies":[{"embeddable":true,"href":"http:\/\/littleacornelc.com\/cms\/fr\/wp-json\/wp\/v2\/comments?post=5266"}],"version-history":[{"count":1,"href":"http:\/\/littleacornelc.com\/cms\/fr\/wp-json\/wp\/v2\/pages\/5266\/revisions"}],"predecessor-version":[{"id":5537,"href":"http:\/\/littleacornelc.com\/cms\/fr\/wp-json\/wp\/v2\/pages\/5266\/revisions\/5537"}],"wp:attachment":[{"href":"http:\/\/littleacornelc.com\/cms\/fr\/wp-json\/wp\/v2\/media?parent=5266"}],"curies":[{"name":"wp","href":"https:\/\/api.w.org\/{rel}","templated":true}]}}