{"id":5262,"date":"2013-10-16T01:24:27","date_gmt":"2013-10-16T01:24:27","guid":{"rendered":"http:\/\/littleacornelc.com\/cms\/?page_id=5262"},"modified":"2015-04-05T18:29:16","modified_gmt":"2015-04-05T22:29:16","slug":"security","status":"publish","type":"page","link":"http:\/\/littleacornelc.com\/cms\/fr\/security\/","title":{"rendered":"La S\u00e9curit\u00e9"},"content":{"rendered":"<p><b><\/b><i style=\"font-size: 13px; line-height: 19px;\">Little Acorn Early Learning Centre<\/i><span style=\"font-size: 13px; line-height: 19px;\"> (LAELC) prend au s\u00e9rieux la s\u00e9curit\u00e9 de votre enfant. Un syst\u00e8me de s\u00e9curit\u00e9 sera mis en place permettant l\u2019entr\u00e9e au centre seulement \u00e0 ceux qui d\u00e9tiennent le mot passe.  Autrement, un \u00e9ducateur devra permettre votre entr\u00e9e. En cas d\u2019urgence, il est tr\u00e8s important que nous ayions votre num\u00e9ro de t\u00e9l\u00e9phone et votre adresse \u00e9lectronique pour vous rejoindre sans d\u00e9lai.<\/span><\/p>","protected":false},"excerpt":{"rendered":"<p>Little Acorn Early Learning Centre (LAELC) prend au s\u00e9rieux la s\u00e9curit\u00e9 de votre enfant. Un syst\u00e8me de s\u00e9curit\u00e9 sera mis en place permettant l\u2019entr\u00e9e au centre seulement \u00e0 ceux qui d\u00e9tiennent le mot passe. Autrement, un \u00e9ducateur devra permettre votre entr\u00e9e. En cas d\u2019urgence, il est tr\u00e8s important que nous ayions votre num\u00e9ro de t\u00e9l\u00e9phone&#8230;  <a class=\"excerpt-read-more\" href=\"http:\/\/littleacornelc.com\/cms\/fr\/security\/\" title=\"Read La S\u00e9curit\u00e9\">Lire la suite &raquo;<\/a><\/p>\n","protected":false},"author":1,"featured_media":0,"parent":0,"menu_order":0,"comment_status":"closed","ping_status":"closed","template":"","meta":[],"yoast_head":"<!-- This site is optimized with the Yoast SEO plugin v19.6.1 - https:\/\/yoast.com\/wordpress\/plugins\/seo\/ -->\n<title>La S\u00e9curit\u00e9 - Little Acorn Early Learning Centre<\/title>\n<meta name=\"robots\" content=\"index, follow, max-snippet:-1, max-image-preview:large, max-video-preview:-1\" \/>\n<link rel=\"canonical\" href=\"https:\/\/littleacornelc.com\/cms\/security\/\" \/>\n<meta property=\"og:locale\" content=\"fr_FR\" \/>\n<meta property=\"og:type\" content=\"article\" \/>\n<meta property=\"og:title\" content=\"La S\u00e9curit\u00e9 - Little Acorn Early Learning Centre\" \/>\n<meta property=\"og:description\" content=\"Little Acorn Early Learning Centre (LAELC) prend au s\u00e9rieux la s\u00e9curit\u00e9 de votre enfant. Un syst\u00e8me de s\u00e9curit\u00e9 sera mis en place permettant l\u2019entr\u00e9e au centre seulement \u00e0 ceux qui d\u00e9tiennent le mot passe. Autrement, un \u00e9ducateur devra permettre votre entr\u00e9e. En cas d\u2019urgence, il est tr\u00e8s important que nous ayions votre num\u00e9ro de t\u00e9l\u00e9phone... Lire la suite &raquo;\" \/>\n<meta property=\"og:url\" content=\"https:\/\/littleacornelc.com\/cms\/security\/\" \/>\n<meta property=\"og:site_name\" content=\"Little Acorn Early Learning Centre\" \/>\n<meta property=\"article:modified_time\" content=\"2015-04-05T22:29:16+00:00\" \/>\n<meta name=\"twitter:label1\" content=\"Dur\u00e9e de lecture estim\u00e9e\" \/>\n\t<meta name=\"twitter:data1\" content=\"1 minute\" \/>\n<script type=\"application\/ld+json\" class=\"yoast-schema-graph\">{\"@context\":\"https:\/\/schema.org\",\"@graph\":[{\"@type\":\"WebPage\",\"@id\":\"https:\/\/littleacornelc.com\/cms\/security\/\",\"url\":\"https:\/\/littleacornelc.com\/cms\/security\/\",\"name\":\"La S\u00e9curit\u00e9 - Little Acorn Early Learning Centre\",\"isPartOf\":{\"@id\":\"http:\/\/littleacornelc.com\/cms\/fr\/#website\"},\"datePublished\":\"2013-10-16T01:24:27+00:00\",\"dateModified\":\"2015-04-05T22:29:16+00:00\",\"breadcrumb\":{\"@id\":\"https:\/\/littleacornelc.com\/cms\/security\/#breadcrumb\"},\"inLanguage\":\"fr-FR\",\"potentialAction\":[{\"@type\":\"ReadAction\",\"target\":[\"https:\/\/littleacornelc.com\/cms\/security\/\"]}]},{\"@type\":\"BreadcrumbList\",\"@id\":\"https:\/\/littleacornelc.com\/cms\/security\/#breadcrumb\",\"itemListElement\":[{\"@type\":\"ListItem\",\"position\":1,\"name\":\"home\",\"item\":\"http:\/\/littleacornelc.com\/cms\/fr\/\"},{\"@type\":\"ListItem\",\"position\":2,\"name\":\"Security\"}]},{\"@type\":\"WebSite\",\"@id\":\"http:\/\/littleacornelc.com\/cms\/fr\/#website\",\"url\":\"http:\/\/littleacornelc.com\/cms\/fr\/\",\"name\":\"Little Acorn Early Learning Centre\",\"description\":\"\",\"potentialAction\":[{\"@type\":\"SearchAction\",\"target\":{\"@type\":\"EntryPoint\",\"urlTemplate\":\"http:\/\/littleacornelc.com\/cms\/fr\/?s={search_term_string}\"},\"query-input\":\"required name=search_term_string\"}],\"inLanguage\":\"fr-FR\"}]}<\/script>\n<!-- \/ Yoast SEO plugin. -->","yoast_head_json":{"title":"La S\u00e9curit\u00e9 - Little Acorn Early Learning Centre","robots":{"index":"index","follow":"follow","max-snippet":"max-snippet:-1","max-image-preview":"max-image-preview:large","max-video-preview":"max-video-preview:-1"},"canonical":"https:\/\/littleacornelc.com\/cms\/security\/","og_locale":"fr_FR","og_type":"article","og_title":"La S\u00e9curit\u00e9 - Little Acorn Early Learning Centre","og_description":"Little Acorn Early Learning Centre (LAELC) prend au s\u00e9rieux la s\u00e9curit\u00e9 de votre enfant. Un syst\u00e8me de s\u00e9curit\u00e9 sera mis en place permettant l\u2019entr\u00e9e au centre seulement \u00e0 ceux qui d\u00e9tiennent le mot passe. Autrement, un \u00e9ducateur devra permettre votre entr\u00e9e. En cas d\u2019urgence, il est tr\u00e8s important que nous ayions votre num\u00e9ro de t\u00e9l\u00e9phone... Lire la suite &raquo;","og_url":"https:\/\/littleacornelc.com\/cms\/security\/","og_site_name":"Little Acorn Early Learning Centre","article_modified_time":"2015-04-05T22:29:16+00:00","twitter_misc":{"Dur\u00e9e de lecture estim\u00e9e":"1 minute"},"schema":{"@context":"https:\/\/schema.org","@graph":[{"@type":"WebPage","@id":"https:\/\/littleacornelc.com\/cms\/security\/","url":"https:\/\/littleacornelc.com\/cms\/security\/","name":"La S\u00e9curit\u00e9 - Little Acorn Early Learning Centre","isPartOf":{"@id":"http:\/\/littleacornelc.com\/cms\/fr\/#website"},"datePublished":"2013-10-16T01:24:27+00:00","dateModified":"2015-04-05T22:29:16+00:00","breadcrumb":{"@id":"https:\/\/littleacornelc.com\/cms\/security\/#breadcrumb"},"inLanguage":"fr-FR","potentialAction":[{"@type":"ReadAction","target":["https:\/\/littleacornelc.com\/cms\/security\/"]}]},{"@type":"BreadcrumbList","@id":"https:\/\/littleacornelc.com\/cms\/security\/#breadcrumb","itemListElement":[{"@type":"ListItem","position":1,"name":"home","item":"http:\/\/littleacornelc.com\/cms\/fr\/"},{"@type":"ListItem","position":2,"name":"Security"}]},{"@type":"WebSite","@id":"http:\/\/littleacornelc.com\/cms\/fr\/#website","url":"http:\/\/littleacornelc.com\/cms\/fr\/","name":"Little Acorn Early Learning Centre","description":"","potentialAction":[{"@type":"SearchAction","target":{"@type":"EntryPoint","urlTemplate":"http:\/\/littleacornelc.com\/cms\/fr\/?s={search_term_string}"},"query-input":"required name=search_term_string"}],"inLanguage":"fr-FR"}]}},"_links":{"self":[{"href":"http:\/\/littleacornelc.com\/cms\/fr\/wp-json\/wp\/v2\/pages\/5262"}],"collection":[{"href":"http:\/\/littleacornelc.com\/cms\/fr\/wp-json\/wp\/v2\/pages"}],"about":[{"href":"http:\/\/littleacornelc.com\/cms\/fr\/wp-json\/wp\/v2\/types\/page"}],"author":[{"embeddable":true,"href":"http:\/\/littleacornelc.com\/cms\/fr\/wp-json\/wp\/v2\/users\/1"}],"replies":[{"embeddable":true,"href":"http:\/\/littleacornelc.com\/cms\/fr\/wp-json\/wp\/v2\/comments?post=5262"}],"version-history":[{"count":1,"href":"http:\/\/littleacornelc.com\/cms\/fr\/wp-json\/wp\/v2\/pages\/5262\/revisions"}],"predecessor-version":[{"id":5533,"href":"http:\/\/littleacornelc.com\/cms\/fr\/wp-json\/wp\/v2\/pages\/5262\/revisions\/5533"}],"wp:attachment":[{"href":"http:\/\/littleacornelc.com\/cms\/fr\/wp-json\/wp\/v2\/media?parent=5262"}],"curies":[{"name":"wp","href":"https:\/\/api.w.org\/{rel}","templated":true}]}}