{"id":5218,"date":"2013-04-30T17:43:12","date_gmt":"2013-04-30T21:43:12","guid":{"rendered":"http:\/\/littleacornelc.com\/cms\/?page_id=35"},"modified":"2024-06-20T17:04:26","modified_gmt":"2024-06-20T21:04:26","slug":"registration","status":"publish","type":"page","link":"http:\/\/littleacornelc.com\/cms\/fr\/registration\/","title":{"rendered":"Inscription"},"content":{"rendered":"<p>Le centre de la petite enfance \u2013 <i>Little Acorn Early Learning Centre<\/i> est ouvert pendant toute l\u2019ann\u00e9e. Lorsqu\u2019une place se lib\u00e8re ou qu\u2019une famille nous informe de leur retrait, nous identifions un enfant rempla\u00e7ant en consultant la liste d\u2019attente et la liste d\u2019attente centralis\u00e9e pour les services de garde agr\u00e9\u00e9s d\u2019Ottawa.<\/p>\n<p>Nous vous conseillons de rendre une visite au centre au moment o\u00f9 vous inscrivez votre enfant sur la liste d\u2019attente, si possible, mais ce n\u2019est pas obligatoire. Nous voulons que vous soyiez en mesure de prendre des d\u00e9cisions \u00e9clair\u00e9es pour l\u2019\u00e9ducation et les soins de votre enfant.<\/p>\n<p><a href=\"http:\/\/littleacornelc.com\/cms\/wp-content\/uploads\/2013\/04\/FORMULAIRE-DE-DEMANDE-DE-LISTE-Little-Acorn6.docx\">FORMULAIRE DE DEMANDE DE LISTE Little Acorn<\/a><\/p>\n<p>Pour vous inscrire sur la liste d\u2019attente, SVP remplissez la formule (LAELC \u2013 Formule d\u2019inscription pour la liste d\u2019attente \u00e0 <i>Little Acorn<\/i>) et envoyez-le par courriel \u00e0 <a href=\"mailto:info@littleacornelc.com\">info@littleacornelc.com<\/a>.<\/p>","protected":false},"excerpt":{"rendered":"<p>Le centre de la petite enfance \u2013 Little Acorn Early Learning Centre est ouvert pendant toute l\u2019ann\u00e9e. Lorsqu\u2019une place se lib\u00e8re ou qu\u2019une famille nous informe de leur retrait, nous identifions un enfant rempla\u00e7ant en consultant la liste d\u2019attente et la liste d\u2019attente centralis\u00e9e pour les services de garde agr\u00e9\u00e9s d\u2019Ottawa. Nous vous conseillons de&#8230;  <a class=\"excerpt-read-more\" href=\"http:\/\/littleacornelc.com\/cms\/fr\/registration\/\" title=\"Read Inscription\">Lire la suite &raquo;<\/a><\/p>\n","protected":false},"author":1,"featured_media":0,"parent":0,"menu_order":0,"comment_status":"closed","ping_status":"closed","template":"","meta":[],"yoast_head":"<!-- This site is optimized with the Yoast SEO plugin v19.6.1 - https:\/\/yoast.com\/wordpress\/plugins\/seo\/ -->\n<title>Inscription - Little Acorn Early Learning Centre<\/title>\n<meta name=\"robots\" content=\"index, follow, max-snippet:-1, max-image-preview:large, max-video-preview:-1\" \/>\n<link rel=\"canonical\" href=\"http:\/\/littleacornelc.com\/cms\/registration\/\" \/>\n<meta property=\"og:locale\" content=\"fr_FR\" \/>\n<meta property=\"og:type\" content=\"article\" \/>\n<meta property=\"og:title\" content=\"Inscription - Little Acorn Early Learning Centre\" \/>\n<meta property=\"og:description\" content=\"Le centre de la petite enfance \u2013 Little Acorn Early Learning Centre est ouvert pendant toute l\u2019ann\u00e9e. Lorsqu\u2019une place se lib\u00e8re ou qu\u2019une famille nous informe de leur retrait, nous identifions un enfant rempla\u00e7ant en consultant la liste d\u2019attente et la liste d\u2019attente centralis\u00e9e pour les services de garde agr\u00e9\u00e9s d\u2019Ottawa. Nous vous conseillons de... Lire la suite &raquo;\" \/>\n<meta property=\"og:url\" content=\"http:\/\/littleacornelc.com\/cms\/registration\/\" \/>\n<meta property=\"og:site_name\" content=\"Little Acorn Early Learning Centre\" \/>\n<meta property=\"article:modified_time\" content=\"2024-06-20T21:04:26+00:00\" \/>\n<meta name=\"twitter:label1\" content=\"Dur\u00e9e de lecture estim\u00e9e\" \/>\n\t<meta name=\"twitter:data1\" content=\"2 minutes\" \/>\n<script type=\"application\/ld+json\" class=\"yoast-schema-graph\">{\"@context\":\"https:\/\/schema.org\",\"@graph\":[{\"@type\":\"WebPage\",\"@id\":\"http:\/\/littleacornelc.com\/cms\/registration\/\",\"url\":\"http:\/\/littleacornelc.com\/cms\/registration\/\",\"name\":\"Inscription - Little Acorn Early Learning Centre\",\"isPartOf\":{\"@id\":\"http:\/\/littleacornelc.com\/cms\/fr\/#website\"},\"datePublished\":\"2013-04-30T21:43:12+00:00\",\"dateModified\":\"2024-06-20T21:04:26+00:00\",\"breadcrumb\":{\"@id\":\"http:\/\/littleacornelc.com\/cms\/registration\/#breadcrumb\"},\"inLanguage\":\"fr-FR\",\"potentialAction\":[{\"@type\":\"ReadAction\",\"target\":[\"http:\/\/littleacornelc.com\/cms\/registration\/\"]}]},{\"@type\":\"BreadcrumbList\",\"@id\":\"http:\/\/littleacornelc.com\/cms\/registration\/#breadcrumb\",\"itemListElement\":[{\"@type\":\"ListItem\",\"position\":1,\"name\":\"home\",\"item\":\"http:\/\/littleacornelc.com\/cms\/fr\/\"},{\"@type\":\"ListItem\",\"position\":2,\"name\":\"Registration\/Wait List Form\"}]},{\"@type\":\"WebSite\",\"@id\":\"http:\/\/littleacornelc.com\/cms\/fr\/#website\",\"url\":\"http:\/\/littleacornelc.com\/cms\/fr\/\",\"name\":\"Little Acorn Early Learning Centre\",\"description\":\"\",\"potentialAction\":[{\"@type\":\"SearchAction\",\"target\":{\"@type\":\"EntryPoint\",\"urlTemplate\":\"http:\/\/littleacornelc.com\/cms\/fr\/?s={search_term_string}\"},\"query-input\":\"required name=search_term_string\"}],\"inLanguage\":\"fr-FR\"}]}<\/script>\n<!-- \/ Yoast SEO plugin. -->","yoast_head_json":{"title":"Inscription - Little Acorn Early Learning Centre","robots":{"index":"index","follow":"follow","max-snippet":"max-snippet:-1","max-image-preview":"max-image-preview:large","max-video-preview":"max-video-preview:-1"},"canonical":"http:\/\/littleacornelc.com\/cms\/registration\/","og_locale":"fr_FR","og_type":"article","og_title":"Inscription - Little Acorn Early Learning Centre","og_description":"Le centre de la petite enfance \u2013 Little Acorn Early Learning Centre est ouvert pendant toute l\u2019ann\u00e9e. Lorsqu\u2019une place se lib\u00e8re ou qu\u2019une famille nous informe de leur retrait, nous identifions un enfant rempla\u00e7ant en consultant la liste d\u2019attente et la liste d\u2019attente centralis\u00e9e pour les services de garde agr\u00e9\u00e9s d\u2019Ottawa. Nous vous conseillons de... Lire la suite &raquo;","og_url":"http:\/\/littleacornelc.com\/cms\/registration\/","og_site_name":"Little Acorn Early Learning Centre","article_modified_time":"2024-06-20T21:04:26+00:00","twitter_misc":{"Dur\u00e9e de lecture estim\u00e9e":"2 minutes"},"schema":{"@context":"https:\/\/schema.org","@graph":[{"@type":"WebPage","@id":"http:\/\/littleacornelc.com\/cms\/registration\/","url":"http:\/\/littleacornelc.com\/cms\/registration\/","name":"Inscription - Little Acorn Early Learning Centre","isPartOf":{"@id":"http:\/\/littleacornelc.com\/cms\/fr\/#website"},"datePublished":"2013-04-30T21:43:12+00:00","dateModified":"2024-06-20T21:04:26+00:00","breadcrumb":{"@id":"http:\/\/littleacornelc.com\/cms\/registration\/#breadcrumb"},"inLanguage":"fr-FR","potentialAction":[{"@type":"ReadAction","target":["http:\/\/littleacornelc.com\/cms\/registration\/"]}]},{"@type":"BreadcrumbList","@id":"http:\/\/littleacornelc.com\/cms\/registration\/#breadcrumb","itemListElement":[{"@type":"ListItem","position":1,"name":"home","item":"http:\/\/littleacornelc.com\/cms\/fr\/"},{"@type":"ListItem","position":2,"name":"Registration\/Wait List Form"}]},{"@type":"WebSite","@id":"http:\/\/littleacornelc.com\/cms\/fr\/#website","url":"http:\/\/littleacornelc.com\/cms\/fr\/","name":"Little Acorn Early Learning Centre","description":"","potentialAction":[{"@type":"SearchAction","target":{"@type":"EntryPoint","urlTemplate":"http:\/\/littleacornelc.com\/cms\/fr\/?s={search_term_string}"},"query-input":"required name=search_term_string"}],"inLanguage":"fr-FR"}]}},"_links":{"self":[{"href":"http:\/\/littleacornelc.com\/cms\/fr\/wp-json\/wp\/v2\/pages\/5218"}],"collection":[{"href":"http:\/\/littleacornelc.com\/cms\/fr\/wp-json\/wp\/v2\/pages"}],"about":[{"href":"http:\/\/littleacornelc.com\/cms\/fr\/wp-json\/wp\/v2\/types\/page"}],"author":[{"embeddable":true,"href":"http:\/\/littleacornelc.com\/cms\/fr\/wp-json\/wp\/v2\/users\/1"}],"replies":[{"embeddable":true,"href":"http:\/\/littleacornelc.com\/cms\/fr\/wp-json\/wp\/v2\/comments?post=5218"}],"version-history":[{"count":11,"href":"http:\/\/littleacornelc.com\/cms\/fr\/wp-json\/wp\/v2\/pages\/5218\/revisions"}],"predecessor-version":[{"id":6241,"href":"http:\/\/littleacornelc.com\/cms\/fr\/wp-json\/wp\/v2\/pages\/5218\/revisions\/6241"}],"wp:attachment":[{"href":"http:\/\/littleacornelc.com\/cms\/fr\/wp-json\/wp\/v2\/media?parent=5218"}],"curies":[{"name":"wp","href":"https:\/\/api.w.org\/{rel}","templated":true}]}}