{"id":5142,"date":"2013-10-02T15:45:33","date_gmt":"2013-10-02T15:45:33","guid":{"rendered":"http:\/\/littleacornelc.com\/cms\/?page_id=5142"},"modified":"2022-09-08T13:56:28","modified_gmt":"2022-09-08T17:56:28","slug":"music","status":"publish","type":"page","link":"http:\/\/littleacornelc.com\/cms\/fr\/music\/","title":{"rendered":"La Musique"},"content":{"rendered":"<p>Nous sommes d\u2019avis que la musique occupe une place importante dans le d\u00e9veloppement intellectuel de l\u2019enfant et aura un professeur de musique parmi son personnel pour enseigner un programme de musique distinct.\u00a0 Le programme sera en partenariat avec le programme d&rsquo;\u00e9tudes pour enfants et offrira une vari\u00e9t\u00e9 d\u2019exp\u00e9riences musicales.<\/p>","protected":false},"excerpt":{"rendered":"<p>Nous sommes d\u2019avis que la musique occupe une place importante dans le d\u00e9veloppement intellectuel de l\u2019enfant et aura un professeur de musique parmi son personnel pour enseigner un programme de musique distinct.\u00a0 Le programme sera en partenariat avec le programme d&rsquo;\u00e9tudes pour enfants et offrira une vari\u00e9t\u00e9 d\u2019exp\u00e9riences musicales.<\/p>\n","protected":false},"author":1,"featured_media":0,"parent":0,"menu_order":0,"comment_status":"closed","ping_status":"closed","template":"","meta":[],"yoast_head":"<!-- This site is optimized with the Yoast SEO plugin v19.6.1 - https:\/\/yoast.com\/wordpress\/plugins\/seo\/ -->\n<title>La Musique - Little Acorn Early Learning Centre<\/title>\n<meta name=\"robots\" content=\"index, follow, max-snippet:-1, max-image-preview:large, max-video-preview:-1\" \/>\n<link rel=\"canonical\" href=\"http:\/\/littleacornelc.com\/cms\/music\/\" \/>\n<meta property=\"og:locale\" content=\"fr_FR\" \/>\n<meta property=\"og:type\" content=\"article\" \/>\n<meta property=\"og:title\" content=\"La Musique - Little Acorn Early Learning Centre\" \/>\n<meta property=\"og:description\" content=\"Nous sommes d\u2019avis que la musique occupe une place importante dans le d\u00e9veloppement intellectuel de l\u2019enfant et aura un professeur de musique parmi son personnel pour enseigner un programme de musique distinct.\u00a0 Le programme sera en partenariat avec le programme d&rsquo;\u00e9tudes pour enfants et offrira une vari\u00e9t\u00e9 d\u2019exp\u00e9riences musicales.\" \/>\n<meta property=\"og:url\" content=\"http:\/\/littleacornelc.com\/cms\/music\/\" \/>\n<meta property=\"og:site_name\" content=\"Little Acorn Early Learning Centre\" \/>\n<meta property=\"article:modified_time\" content=\"2022-09-08T17:56:28+00:00\" \/>\n<meta name=\"twitter:label1\" content=\"Dur\u00e9e de lecture estim\u00e9e\" \/>\n\t<meta name=\"twitter:data1\" content=\"1 minute\" \/>\n<script type=\"application\/ld+json\" class=\"yoast-schema-graph\">{\"@context\":\"https:\/\/schema.org\",\"@graph\":[{\"@type\":\"WebPage\",\"@id\":\"http:\/\/littleacornelc.com\/cms\/music\/\",\"url\":\"http:\/\/littleacornelc.com\/cms\/music\/\",\"name\":\"La Musique - Little Acorn Early Learning Centre\",\"isPartOf\":{\"@id\":\"http:\/\/littleacornelc.com\/cms\/fr\/#website\"},\"datePublished\":\"2013-10-02T15:45:33+00:00\",\"dateModified\":\"2022-09-08T17:56:28+00:00\",\"breadcrumb\":{\"@id\":\"http:\/\/littleacornelc.com\/cms\/music\/#breadcrumb\"},\"inLanguage\":\"fr-FR\",\"potentialAction\":[{\"@type\":\"ReadAction\",\"target\":[\"http:\/\/littleacornelc.com\/cms\/music\/\"]}]},{\"@type\":\"BreadcrumbList\",\"@id\":\"http:\/\/littleacornelc.com\/cms\/music\/#breadcrumb\",\"itemListElement\":[{\"@type\":\"ListItem\",\"position\":1,\"name\":\"home\",\"item\":\"http:\/\/littleacornelc.com\/cms\/fr\/\"},{\"@type\":\"ListItem\",\"position\":2,\"name\":\"Music\"}]},{\"@type\":\"WebSite\",\"@id\":\"http:\/\/littleacornelc.com\/cms\/fr\/#website\",\"url\":\"http:\/\/littleacornelc.com\/cms\/fr\/\",\"name\":\"Little Acorn Early Learning Centre\",\"description\":\"\",\"potentialAction\":[{\"@type\":\"SearchAction\",\"target\":{\"@type\":\"EntryPoint\",\"urlTemplate\":\"http:\/\/littleacornelc.com\/cms\/fr\/?s={search_term_string}\"},\"query-input\":\"required name=search_term_string\"}],\"inLanguage\":\"fr-FR\"}]}<\/script>\n<!-- \/ Yoast SEO plugin. -->","yoast_head_json":{"title":"La Musique - Little Acorn Early Learning Centre","robots":{"index":"index","follow":"follow","max-snippet":"max-snippet:-1","max-image-preview":"max-image-preview:large","max-video-preview":"max-video-preview:-1"},"canonical":"http:\/\/littleacornelc.com\/cms\/music\/","og_locale":"fr_FR","og_type":"article","og_title":"La Musique - Little Acorn Early Learning Centre","og_description":"Nous sommes d\u2019avis que la musique occupe une place importante dans le d\u00e9veloppement intellectuel de l\u2019enfant et aura un professeur de musique parmi son personnel pour enseigner un programme de musique distinct.\u00a0 Le programme sera en partenariat avec le programme d&rsquo;\u00e9tudes pour enfants et offrira une vari\u00e9t\u00e9 d\u2019exp\u00e9riences musicales.","og_url":"http:\/\/littleacornelc.com\/cms\/music\/","og_site_name":"Little Acorn Early Learning Centre","article_modified_time":"2022-09-08T17:56:28+00:00","twitter_misc":{"Dur\u00e9e de lecture estim\u00e9e":"1 minute"},"schema":{"@context":"https:\/\/schema.org","@graph":[{"@type":"WebPage","@id":"http:\/\/littleacornelc.com\/cms\/music\/","url":"http:\/\/littleacornelc.com\/cms\/music\/","name":"La Musique - Little Acorn Early Learning Centre","isPartOf":{"@id":"http:\/\/littleacornelc.com\/cms\/fr\/#website"},"datePublished":"2013-10-02T15:45:33+00:00","dateModified":"2022-09-08T17:56:28+00:00","breadcrumb":{"@id":"http:\/\/littleacornelc.com\/cms\/music\/#breadcrumb"},"inLanguage":"fr-FR","potentialAction":[{"@type":"ReadAction","target":["http:\/\/littleacornelc.com\/cms\/music\/"]}]},{"@type":"BreadcrumbList","@id":"http:\/\/littleacornelc.com\/cms\/music\/#breadcrumb","itemListElement":[{"@type":"ListItem","position":1,"name":"home","item":"http:\/\/littleacornelc.com\/cms\/fr\/"},{"@type":"ListItem","position":2,"name":"Music"}]},{"@type":"WebSite","@id":"http:\/\/littleacornelc.com\/cms\/fr\/#website","url":"http:\/\/littleacornelc.com\/cms\/fr\/","name":"Little Acorn Early Learning Centre","description":"","potentialAction":[{"@type":"SearchAction","target":{"@type":"EntryPoint","urlTemplate":"http:\/\/littleacornelc.com\/cms\/fr\/?s={search_term_string}"},"query-input":"required name=search_term_string"}],"inLanguage":"fr-FR"}]}},"_links":{"self":[{"href":"http:\/\/littleacornelc.com\/cms\/fr\/wp-json\/wp\/v2\/pages\/5142"}],"collection":[{"href":"http:\/\/littleacornelc.com\/cms\/fr\/wp-json\/wp\/v2\/pages"}],"about":[{"href":"http:\/\/littleacornelc.com\/cms\/fr\/wp-json\/wp\/v2\/types\/page"}],"author":[{"embeddable":true,"href":"http:\/\/littleacornelc.com\/cms\/fr\/wp-json\/wp\/v2\/users\/1"}],"replies":[{"embeddable":true,"href":"http:\/\/littleacornelc.com\/cms\/fr\/wp-json\/wp\/v2\/comments?post=5142"}],"version-history":[{"count":4,"href":"http:\/\/littleacornelc.com\/cms\/fr\/wp-json\/wp\/v2\/pages\/5142\/revisions"}],"predecessor-version":[{"id":6057,"href":"http:\/\/littleacornelc.com\/cms\/fr\/wp-json\/wp\/v2\/pages\/5142\/revisions\/6057"}],"wp:attachment":[{"href":"http:\/\/littleacornelc.com\/cms\/fr\/wp-json\/wp\/v2\/media?parent=5142"}],"curies":[{"name":"wp","href":"https:\/\/api.w.org\/{rel}","templated":true}]}}