{"id":5140,"date":"2013-10-02T15:44:48","date_gmt":"2013-10-02T15:44:48","guid":{"rendered":"http:\/\/littleacornelc.com\/cms\/?page_id=5140"},"modified":"2022-07-15T13:51:22","modified_gmt":"2022-07-15T17:51:22","slug":"creativity-children-and-the-artist","status":"publish","type":"page","link":"http:\/\/littleacornelc.com\/cms\/fr\/creativity-children-and-the-artist\/","title":{"rendered":"L&rsquo;Art et la Cr\u00e9ativit\u00e9"},"content":{"rendered":"<p>Nous reconnaissons l\u2019importance de l\u2019art et de la cr\u00e9ativit\u00e9 dans le d\u00e9veloppement de l\u2019enfant. La cr\u00e9ativit\u00e9 est une comp\u00e9tence importante pour le succ\u00e8s \u00e0 l\u2019\u00e9cole, au travail, et dans la vie quotidienne. L\u2019art aide au d\u00e9veloppement de la motricit\u00e9 fine, a la capacit\u00e9 de r\u00e9soudre des probl\u00e8mes en contextes vari\u00e9s, \u00e0 l\u2019expression personnelle, ainsi qu\u2019\u00e0 la d\u00e9couverte d\u2019autres cultures.<i><\/i><\/p>\n<p><b> <\/b>L\u2019art fait une partie int\u00e9grale de l\u2019approche Reggio \u00e0 l\u2019\u00e9ducation pour la petite enfance. C\u2019est un endroit riche en mat\u00e9riaux d\u2019art qui invite \u00e0 l\u2019exploration et \u00e0 la d\u00e9couverte; c\u2019est un endroit o\u00f9 les enfants cr\u00e9ent.<\/p>\n<p>Les \u00e9ducateurs de la petite enfance\u00a0aide \u00e0 encourager les enfants dans leurs int\u00e9r\u00eats, en leur fournissant les mat\u00e9riaux et les outils pour l\u2019interpr\u00e9tation de leurs id\u00e9es.<\/p>\n<p>Pour les jeunes enfants, l\u2019accent est mis sur le processus d\u2019art, o\u00f9 l\u2019action d\u2019engager dans une activit\u00e9 d\u2019art est l\u2019objectif (contrairement aux projets o\u00f9 on suit les directives de l\u2019\u00e9ducateur pour cr\u00e9er un projet particulier). \u00c0 travers les exp\u00e9riences artistiques, les enfants d\u00e9couvrent les propri\u00e9t\u00e9s et les possibilit\u00e9s des mat\u00e9riaux et la possibilit\u00e9 de communiquer avec leurs cr\u00e9ations. Ils apprennent qu\u2019ils peuvent utiliser l\u2019art visuel comme moyen d\u2019expression personnelle.<\/p>","protected":false},"excerpt":{"rendered":"<p>Nous reconnaissons l\u2019importance de l\u2019art et de la cr\u00e9ativit\u00e9 dans le d\u00e9veloppement de l\u2019enfant. La cr\u00e9ativit\u00e9 est une comp\u00e9tence importante pour le succ\u00e8s \u00e0 l\u2019\u00e9cole, au travail, et dans la vie quotidienne. L\u2019art aide au d\u00e9veloppement de la motricit\u00e9 fine, a la capacit\u00e9 de r\u00e9soudre des probl\u00e8mes en contextes vari\u00e9s, \u00e0 l\u2019expression personnelle, ainsi qu\u2019\u00e0&#8230;  <a class=\"excerpt-read-more\" href=\"http:\/\/littleacornelc.com\/cms\/fr\/creativity-children-and-the-artist\/\" title=\"Read L&rsquo;Art et la Cr\u00e9ativit\u00e9\">Lire la suite &raquo;<\/a><\/p>\n","protected":false},"author":1,"featured_media":0,"parent":0,"menu_order":0,"comment_status":"closed","ping_status":"closed","template":"","meta":[],"yoast_head":"<!-- This site is optimized with the Yoast SEO plugin v19.6.1 - https:\/\/yoast.com\/wordpress\/plugins\/seo\/ -->\n<title>L&#039;Art et la Cr\u00e9ativit\u00e9 - Little Acorn Early Learning Centre<\/title>\n<meta name=\"robots\" content=\"index, follow, max-snippet:-1, max-image-preview:large, max-video-preview:-1\" \/>\n<link rel=\"canonical\" href=\"https:\/\/littleacornelc.com\/cms\/fr\/creativity-children-and-the-artist\/\" \/>\n<meta property=\"og:locale\" content=\"fr_FR\" \/>\n<meta property=\"og:type\" content=\"article\" \/>\n<meta property=\"og:title\" content=\"L&#039;Art et la Cr\u00e9ativit\u00e9 - Little Acorn Early Learning Centre\" \/>\n<meta property=\"og:description\" content=\"Nous reconnaissons l\u2019importance de l\u2019art et de la cr\u00e9ativit\u00e9 dans le d\u00e9veloppement de l\u2019enfant. La cr\u00e9ativit\u00e9 est une comp\u00e9tence importante pour le succ\u00e8s \u00e0 l\u2019\u00e9cole, au travail, et dans la vie quotidienne. L\u2019art aide au d\u00e9veloppement de la motricit\u00e9 fine, a la capacit\u00e9 de r\u00e9soudre des probl\u00e8mes en contextes vari\u00e9s, \u00e0 l\u2019expression personnelle, ainsi qu\u2019\u00e0... Lire la suite &raquo;\" \/>\n<meta property=\"og:url\" content=\"https:\/\/littleacornelc.com\/cms\/fr\/creativity-children-and-the-artist\/\" \/>\n<meta property=\"og:site_name\" content=\"Little Acorn Early Learning Centre\" \/>\n<meta property=\"article:modified_time\" content=\"2022-07-15T17:51:22+00:00\" \/>\n<meta name=\"twitter:label1\" content=\"Dur\u00e9e de lecture estim\u00e9e\" \/>\n\t<meta name=\"twitter:data1\" content=\"1 minute\" \/>\n<script type=\"application\/ld+json\" class=\"yoast-schema-graph\">{\"@context\":\"https:\/\/schema.org\",\"@graph\":[{\"@type\":\"WebPage\",\"@id\":\"https:\/\/littleacornelc.com\/cms\/fr\/creativity-children-and-the-artist\/\",\"url\":\"https:\/\/littleacornelc.com\/cms\/fr\/creativity-children-and-the-artist\/\",\"name\":\"L'Art et la Cr\u00e9ativit\u00e9 - Little Acorn Early Learning Centre\",\"isPartOf\":{\"@id\":\"http:\/\/littleacornelc.com\/cms\/fr\/#website\"},\"datePublished\":\"2013-10-02T15:44:48+00:00\",\"dateModified\":\"2022-07-15T17:51:22+00:00\",\"breadcrumb\":{\"@id\":\"https:\/\/littleacornelc.com\/cms\/fr\/creativity-children-and-the-artist\/#breadcrumb\"},\"inLanguage\":\"fr-FR\",\"potentialAction\":[{\"@type\":\"ReadAction\",\"target\":[\"https:\/\/littleacornelc.com\/cms\/fr\/creativity-children-and-the-artist\/\"]}]},{\"@type\":\"BreadcrumbList\",\"@id\":\"https:\/\/littleacornelc.com\/cms\/fr\/creativity-children-and-the-artist\/#breadcrumb\",\"itemListElement\":[{\"@type\":\"ListItem\",\"position\":1,\"name\":\"home\",\"item\":\"http:\/\/littleacornelc.com\/cms\/fr\/\"},{\"@type\":\"ListItem\",\"position\":2,\"name\":\"L&rsquo;Art et la Cr\u00e9ativit\u00e9\"}]},{\"@type\":\"WebSite\",\"@id\":\"http:\/\/littleacornelc.com\/cms\/fr\/#website\",\"url\":\"http:\/\/littleacornelc.com\/cms\/fr\/\",\"name\":\"Little Acorn Early Learning Centre\",\"description\":\"\",\"potentialAction\":[{\"@type\":\"SearchAction\",\"target\":{\"@type\":\"EntryPoint\",\"urlTemplate\":\"http:\/\/littleacornelc.com\/cms\/fr\/?s={search_term_string}\"},\"query-input\":\"required name=search_term_string\"}],\"inLanguage\":\"fr-FR\"}]}<\/script>\n<!-- \/ Yoast SEO plugin. -->","yoast_head_json":{"title":"L'Art et la Cr\u00e9ativit\u00e9 - Little Acorn Early Learning Centre","robots":{"index":"index","follow":"follow","max-snippet":"max-snippet:-1","max-image-preview":"max-image-preview:large","max-video-preview":"max-video-preview:-1"},"canonical":"https:\/\/littleacornelc.com\/cms\/fr\/creativity-children-and-the-artist\/","og_locale":"fr_FR","og_type":"article","og_title":"L'Art et la Cr\u00e9ativit\u00e9 - Little Acorn Early Learning Centre","og_description":"Nous reconnaissons l\u2019importance de l\u2019art et de la cr\u00e9ativit\u00e9 dans le d\u00e9veloppement de l\u2019enfant. La cr\u00e9ativit\u00e9 est une comp\u00e9tence importante pour le succ\u00e8s \u00e0 l\u2019\u00e9cole, au travail, et dans la vie quotidienne. L\u2019art aide au d\u00e9veloppement de la motricit\u00e9 fine, a la capacit\u00e9 de r\u00e9soudre des probl\u00e8mes en contextes vari\u00e9s, \u00e0 l\u2019expression personnelle, ainsi qu\u2019\u00e0... Lire la suite &raquo;","og_url":"https:\/\/littleacornelc.com\/cms\/fr\/creativity-children-and-the-artist\/","og_site_name":"Little Acorn Early Learning Centre","article_modified_time":"2022-07-15T17:51:22+00:00","twitter_misc":{"Dur\u00e9e de lecture estim\u00e9e":"1 minute"},"schema":{"@context":"https:\/\/schema.org","@graph":[{"@type":"WebPage","@id":"https:\/\/littleacornelc.com\/cms\/fr\/creativity-children-and-the-artist\/","url":"https:\/\/littleacornelc.com\/cms\/fr\/creativity-children-and-the-artist\/","name":"L'Art et la Cr\u00e9ativit\u00e9 - Little Acorn Early Learning Centre","isPartOf":{"@id":"http:\/\/littleacornelc.com\/cms\/fr\/#website"},"datePublished":"2013-10-02T15:44:48+00:00","dateModified":"2022-07-15T17:51:22+00:00","breadcrumb":{"@id":"https:\/\/littleacornelc.com\/cms\/fr\/creativity-children-and-the-artist\/#breadcrumb"},"inLanguage":"fr-FR","potentialAction":[{"@type":"ReadAction","target":["https:\/\/littleacornelc.com\/cms\/fr\/creativity-children-and-the-artist\/"]}]},{"@type":"BreadcrumbList","@id":"https:\/\/littleacornelc.com\/cms\/fr\/creativity-children-and-the-artist\/#breadcrumb","itemListElement":[{"@type":"ListItem","position":1,"name":"home","item":"http:\/\/littleacornelc.com\/cms\/fr\/"},{"@type":"ListItem","position":2,"name":"L&rsquo;Art et la Cr\u00e9ativit\u00e9"}]},{"@type":"WebSite","@id":"http:\/\/littleacornelc.com\/cms\/fr\/#website","url":"http:\/\/littleacornelc.com\/cms\/fr\/","name":"Little Acorn Early Learning Centre","description":"","potentialAction":[{"@type":"SearchAction","target":{"@type":"EntryPoint","urlTemplate":"http:\/\/littleacornelc.com\/cms\/fr\/?s={search_term_string}"},"query-input":"required name=search_term_string"}],"inLanguage":"fr-FR"}]}},"_links":{"self":[{"href":"http:\/\/littleacornelc.com\/cms\/fr\/wp-json\/wp\/v2\/pages\/5140"}],"collection":[{"href":"http:\/\/littleacornelc.com\/cms\/fr\/wp-json\/wp\/v2\/pages"}],"about":[{"href":"http:\/\/littleacornelc.com\/cms\/fr\/wp-json\/wp\/v2\/types\/page"}],"author":[{"embeddable":true,"href":"http:\/\/littleacornelc.com\/cms\/fr\/wp-json\/wp\/v2\/users\/1"}],"replies":[{"embeddable":true,"href":"http:\/\/littleacornelc.com\/cms\/fr\/wp-json\/wp\/v2\/comments?post=5140"}],"version-history":[{"count":4,"href":"http:\/\/littleacornelc.com\/cms\/fr\/wp-json\/wp\/v2\/pages\/5140\/revisions"}],"predecessor-version":[{"id":5983,"href":"http:\/\/littleacornelc.com\/cms\/fr\/wp-json\/wp\/v2\/pages\/5140\/revisions\/5983"}],"wp:attachment":[{"href":"http:\/\/littleacornelc.com\/cms\/fr\/wp-json\/wp\/v2\/media?parent=5140"}],"curies":[{"name":"wp","href":"https:\/\/api.w.org\/{rel}","templated":true}]}}