{"id":5131,"date":"2013-10-02T15:36:18","date_gmt":"2013-10-02T15:36:18","guid":{"rendered":"http:\/\/littleacornelc.com\/cms\/?page_id=5131"},"modified":"2019-06-20T09:45:54","modified_gmt":"2019-06-20T13:45:54","slug":"allergy-alerts","status":"publish","type":"page","link":"http:\/\/littleacornelc.com\/cms\/fr\/allergy-alerts\/","title":{"rendered":"Les Allergies"},"content":{"rendered":"<p>Pour le bien-\u00eatre de tous nos enfants, nous adh\u00e9rons \u00e0 une politique stricte pour assurer que notre \u00e9tablissement est exempt de noix. Le centre d\u00e9tient sa propre cuisine. Au moment de l\u2019inscription, le cas \u00e9ch\u00e9ant, vous devez nous renseigner par \u00e9crit des allergies de votre enfant et des r\u00e9actions possibles. Ces renseignements seront affich\u00e9s dans chaque salle de classe et au bureau. Dans le cas des r\u00e9actions anaphylactiques, vous devrez fournir un EpiPen au centre avec une photo de votre enfant, les contacts en cas d\u2019urgence, et les coordonn\u00e9es de votre m\u00e9decin. L\u2019EpiPen sera port\u00e9e en tout temps par la personne qui s\u2019occupe de votre enfant. Le centre s\u2019av\u00e8re d\u2019un protocole strict \u00e0 suivre pour une telle urgence.<\/p>","protected":false},"excerpt":{"rendered":"<p>Pour le bien-\u00eatre de tous nos enfants, nous adh\u00e9rons \u00e0 une politique stricte pour assurer que notre \u00e9tablissement est exempt de noix. Le centre d\u00e9tient sa propre cuisine. Au moment de l\u2019inscription, le cas \u00e9ch\u00e9ant, vous devez nous renseigner par \u00e9crit des allergies de votre enfant et des r\u00e9actions possibles. Ces renseignements seront affich\u00e9s dans&#8230;  <a class=\"excerpt-read-more\" href=\"http:\/\/littleacornelc.com\/cms\/fr\/allergy-alerts\/\" title=\"Read Les Allergies\">Lire la suite &raquo;<\/a><\/p>\n","protected":false},"author":1,"featured_media":0,"parent":0,"menu_order":0,"comment_status":"closed","ping_status":"closed","template":"","meta":[],"yoast_head":"<!-- This site is optimized with the Yoast SEO plugin v19.6.1 - https:\/\/yoast.com\/wordpress\/plugins\/seo\/ -->\n<title>Les Allergies - Little Acorn Early Learning Centre<\/title>\n<meta name=\"robots\" content=\"index, follow, max-snippet:-1, max-image-preview:large, max-video-preview:-1\" \/>\n<link rel=\"canonical\" href=\"http:\/\/littleacornelc.com\/cms\/allergy-alerts\/\" \/>\n<meta property=\"og:locale\" content=\"fr_FR\" \/>\n<meta property=\"og:type\" content=\"article\" \/>\n<meta property=\"og:title\" content=\"Les Allergies - Little Acorn Early Learning Centre\" \/>\n<meta property=\"og:description\" content=\"Pour le bien-\u00eatre de tous nos enfants, nous adh\u00e9rons \u00e0 une politique stricte pour assurer que notre \u00e9tablissement est exempt de noix. Le centre d\u00e9tient sa propre cuisine. Au moment de l\u2019inscription, le cas \u00e9ch\u00e9ant, vous devez nous renseigner par \u00e9crit des allergies de votre enfant et des r\u00e9actions possibles. Ces renseignements seront affich\u00e9s dans... Lire la suite &raquo;\" \/>\n<meta property=\"og:url\" content=\"http:\/\/littleacornelc.com\/cms\/allergy-alerts\/\" \/>\n<meta property=\"og:site_name\" content=\"Little Acorn Early Learning Centre\" \/>\n<meta property=\"article:modified_time\" content=\"2019-06-20T13:45:54+00:00\" \/>\n<meta name=\"twitter:label1\" content=\"Dur\u00e9e de lecture estim\u00e9e\" \/>\n\t<meta name=\"twitter:data1\" content=\"1 minute\" \/>\n<script type=\"application\/ld+json\" class=\"yoast-schema-graph\">{\"@context\":\"https:\/\/schema.org\",\"@graph\":[{\"@type\":\"WebPage\",\"@id\":\"http:\/\/littleacornelc.com\/cms\/allergy-alerts\/\",\"url\":\"http:\/\/littleacornelc.com\/cms\/allergy-alerts\/\",\"name\":\"Les Allergies - Little Acorn Early Learning Centre\",\"isPartOf\":{\"@id\":\"http:\/\/littleacornelc.com\/cms\/fr\/#website\"},\"datePublished\":\"2013-10-02T15:36:18+00:00\",\"dateModified\":\"2019-06-20T13:45:54+00:00\",\"breadcrumb\":{\"@id\":\"http:\/\/littleacornelc.com\/cms\/allergy-alerts\/#breadcrumb\"},\"inLanguage\":\"fr-FR\",\"potentialAction\":[{\"@type\":\"ReadAction\",\"target\":[\"http:\/\/littleacornelc.com\/cms\/allergy-alerts\/\"]}]},{\"@type\":\"BreadcrumbList\",\"@id\":\"http:\/\/littleacornelc.com\/cms\/allergy-alerts\/#breadcrumb\",\"itemListElement\":[{\"@type\":\"ListItem\",\"position\":1,\"name\":\"home\",\"item\":\"http:\/\/littleacornelc.com\/cms\/fr\/\"},{\"@type\":\"ListItem\",\"position\":2,\"name\":\"Allergy Alerts\"}]},{\"@type\":\"WebSite\",\"@id\":\"http:\/\/littleacornelc.com\/cms\/fr\/#website\",\"url\":\"http:\/\/littleacornelc.com\/cms\/fr\/\",\"name\":\"Little Acorn Early Learning Centre\",\"description\":\"\",\"potentialAction\":[{\"@type\":\"SearchAction\",\"target\":{\"@type\":\"EntryPoint\",\"urlTemplate\":\"http:\/\/littleacornelc.com\/cms\/fr\/?s={search_term_string}\"},\"query-input\":\"required name=search_term_string\"}],\"inLanguage\":\"fr-FR\"}]}<\/script>\n<!-- \/ Yoast SEO plugin. -->","yoast_head_json":{"title":"Les Allergies - Little Acorn Early Learning Centre","robots":{"index":"index","follow":"follow","max-snippet":"max-snippet:-1","max-image-preview":"max-image-preview:large","max-video-preview":"max-video-preview:-1"},"canonical":"http:\/\/littleacornelc.com\/cms\/allergy-alerts\/","og_locale":"fr_FR","og_type":"article","og_title":"Les Allergies - Little Acorn Early Learning Centre","og_description":"Pour le bien-\u00eatre de tous nos enfants, nous adh\u00e9rons \u00e0 une politique stricte pour assurer que notre \u00e9tablissement est exempt de noix. Le centre d\u00e9tient sa propre cuisine. Au moment de l\u2019inscription, le cas \u00e9ch\u00e9ant, vous devez nous renseigner par \u00e9crit des allergies de votre enfant et des r\u00e9actions possibles. Ces renseignements seront affich\u00e9s dans... Lire la suite &raquo;","og_url":"http:\/\/littleacornelc.com\/cms\/allergy-alerts\/","og_site_name":"Little Acorn Early Learning Centre","article_modified_time":"2019-06-20T13:45:54+00:00","twitter_misc":{"Dur\u00e9e de lecture estim\u00e9e":"1 minute"},"schema":{"@context":"https:\/\/schema.org","@graph":[{"@type":"WebPage","@id":"http:\/\/littleacornelc.com\/cms\/allergy-alerts\/","url":"http:\/\/littleacornelc.com\/cms\/allergy-alerts\/","name":"Les Allergies - Little Acorn Early Learning Centre","isPartOf":{"@id":"http:\/\/littleacornelc.com\/cms\/fr\/#website"},"datePublished":"2013-10-02T15:36:18+00:00","dateModified":"2019-06-20T13:45:54+00:00","breadcrumb":{"@id":"http:\/\/littleacornelc.com\/cms\/allergy-alerts\/#breadcrumb"},"inLanguage":"fr-FR","potentialAction":[{"@type":"ReadAction","target":["http:\/\/littleacornelc.com\/cms\/allergy-alerts\/"]}]},{"@type":"BreadcrumbList","@id":"http:\/\/littleacornelc.com\/cms\/allergy-alerts\/#breadcrumb","itemListElement":[{"@type":"ListItem","position":1,"name":"home","item":"http:\/\/littleacornelc.com\/cms\/fr\/"},{"@type":"ListItem","position":2,"name":"Allergy Alerts"}]},{"@type":"WebSite","@id":"http:\/\/littleacornelc.com\/cms\/fr\/#website","url":"http:\/\/littleacornelc.com\/cms\/fr\/","name":"Little Acorn Early Learning Centre","description":"","potentialAction":[{"@type":"SearchAction","target":{"@type":"EntryPoint","urlTemplate":"http:\/\/littleacornelc.com\/cms\/fr\/?s={search_term_string}"},"query-input":"required name=search_term_string"}],"inLanguage":"fr-FR"}]}},"_links":{"self":[{"href":"http:\/\/littleacornelc.com\/cms\/fr\/wp-json\/wp\/v2\/pages\/5131"}],"collection":[{"href":"http:\/\/littleacornelc.com\/cms\/fr\/wp-json\/wp\/v2\/pages"}],"about":[{"href":"http:\/\/littleacornelc.com\/cms\/fr\/wp-json\/wp\/v2\/types\/page"}],"author":[{"embeddable":true,"href":"http:\/\/littleacornelc.com\/cms\/fr\/wp-json\/wp\/v2\/users\/1"}],"replies":[{"embeddable":true,"href":"http:\/\/littleacornelc.com\/cms\/fr\/wp-json\/wp\/v2\/comments?post=5131"}],"version-history":[{"count":2,"href":"http:\/\/littleacornelc.com\/cms\/fr\/wp-json\/wp\/v2\/pages\/5131\/revisions"}],"predecessor-version":[{"id":5778,"href":"http:\/\/littleacornelc.com\/cms\/fr\/wp-json\/wp\/v2\/pages\/5131\/revisions\/5778"}],"wp:attachment":[{"href":"http:\/\/littleacornelc.com\/cms\/fr\/wp-json\/wp\/v2\/media?parent=5131"}],"curies":[{"name":"wp","href":"https:\/\/api.w.org\/{rel}","templated":true}]}}