{"id":4758,"date":"2011-08-29T16:43:17","date_gmt":"2011-08-29T16:43:17","guid":{"rendered":"http:\/\/denzeldesigns.org\/?page_id=4699"},"modified":"2019-06-20T09:50:15","modified_gmt":"2019-06-20T13:50:15","slug":"home","status":"publish","type":"page","link":"http:\/\/littleacornelc.com\/cms\/fr\/","title":{"rendered":"Bienvenue"},"content":{"rendered":"<p>Little Acorn, un centre de la petite enfance bas\u00e9e sur les principes d\u2019apprentissage Reggio, souhaite la bienvenue \u00e0 toutes les familles. Little Acorn a le bonheur de vous offrir tout ce qu\u2019il y a de meilleur en fait de soin et d\u2019\u00e9ducation pour vos enfants dans un cadre bilingue et un environnement enrichi. Nous vous invitons \u00e0 rendre visite \u00e0 notre centre actuel, le centre de la petite enfance Acorn Early Learning Centre (sur rendez-vous seulement). Vous pouvez \u00e9galement trouver des informations suppl\u00e9mentaires sur notre site web. N\u2019h\u00e9sitez-pas \u00e0 nous contacter au : 613-741-7668; courriel: info@littleacornelc.com).<\/p>","protected":false},"excerpt":{"rendered":"<p>Little Acorn, un centre de la petite enfance bas\u00e9e sur les principes d\u2019apprentissage Reggio, souhaite la bienvenue \u00e0 toutes les familles. Little Acorn a le bonheur de vous offrir tout ce qu\u2019il y a de meilleur en fait de soin et d\u2019\u00e9ducation pour vos enfants dans un cadre bilingue et un environnement enrichi. Nous vous&#8230;  <a class=\"excerpt-read-more\" href=\"http:\/\/littleacornelc.com\/cms\/fr\/\" title=\"Read Bienvenue\">Lire la suite &raquo;<\/a><\/p>\n","protected":false},"author":1,"featured_media":0,"parent":0,"menu_order":0,"comment_status":"closed","ping_status":"closed","template":"page-homepage.php","meta":[],"yoast_head":"<!-- This site is optimized with the Yoast SEO plugin v19.6.1 - https:\/\/yoast.com\/wordpress\/plugins\/seo\/ -->\n<title>Bienvenue - Little Acorn Early Learning Centre<\/title>\n<meta name=\"robots\" content=\"index, follow, max-snippet:-1, max-image-preview:large, max-video-preview:-1\" \/>\n<link rel=\"canonical\" href=\"http:\/\/littleacornelc.com\/cms\/fr\/\" \/>\n<meta property=\"og:locale\" content=\"fr_FR\" \/>\n<meta property=\"og:type\" content=\"article\" \/>\n<meta property=\"og:title\" content=\"Bienvenue - Little Acorn Early Learning Centre\" \/>\n<meta property=\"og:description\" content=\"Little Acorn, un centre de la petite enfance bas\u00e9e sur les principes d\u2019apprentissage Reggio, souhaite la bienvenue \u00e0 toutes les familles. Little Acorn a le bonheur de vous offrir tout ce qu\u2019il y a de meilleur en fait de soin et d\u2019\u00e9ducation pour vos enfants dans un cadre bilingue et un environnement enrichi. Nous vous... Lire la suite &raquo;\" \/>\n<meta property=\"og:url\" content=\"http:\/\/littleacornelc.com\/cms\/fr\/\" \/>\n<meta property=\"og:site_name\" content=\"Little Acorn Early Learning Centre\" \/>\n<meta property=\"article:modified_time\" content=\"2019-06-20T13:50:15+00:00\" \/>\n<meta name=\"twitter:label1\" content=\"Dur\u00e9e de lecture estim\u00e9e\" \/>\n\t<meta name=\"twitter:data1\" content=\"1 minute\" \/>\n<script type=\"application\/ld+json\" class=\"yoast-schema-graph\">{\"@context\":\"https:\/\/schema.org\",\"@graph\":[{\"@type\":\"WebPage\",\"@id\":\"http:\/\/littleacornelc.com\/cms\/fr\/\",\"url\":\"http:\/\/littleacornelc.com\/cms\/fr\/\",\"name\":\"Bienvenue - Little Acorn Early Learning Centre\",\"isPartOf\":{\"@id\":\"http:\/\/littleacornelc.com\/cms\/fr\/#website\"},\"datePublished\":\"2011-08-29T16:43:17+00:00\",\"dateModified\":\"2019-06-20T13:50:15+00:00\",\"breadcrumb\":{\"@id\":\"http:\/\/littleacornelc.com\/cms\/fr\/#breadcrumb\"},\"inLanguage\":\"fr-FR\",\"potentialAction\":[{\"@type\":\"ReadAction\",\"target\":[\"http:\/\/littleacornelc.com\/cms\/fr\/\"]}]},{\"@type\":\"BreadcrumbList\",\"@id\":\"http:\/\/littleacornelc.com\/cms\/fr\/#breadcrumb\",\"itemListElement\":[{\"@type\":\"ListItem\",\"position\":1,\"name\":\"home\",\"item\":\"http:\/\/littleacornelc.com\/cms\/fr\/\"},{\"@type\":\"ListItem\",\"position\":2,\"name\":\"Bienvenue\"}]},{\"@type\":\"WebSite\",\"@id\":\"http:\/\/littleacornelc.com\/cms\/fr\/#website\",\"url\":\"http:\/\/littleacornelc.com\/cms\/fr\/\",\"name\":\"Little Acorn Early Learning Centre\",\"description\":\"\",\"potentialAction\":[{\"@type\":\"SearchAction\",\"target\":{\"@type\":\"EntryPoint\",\"urlTemplate\":\"http:\/\/littleacornelc.com\/cms\/fr\/?s={search_term_string}\"},\"query-input\":\"required name=search_term_string\"}],\"inLanguage\":\"fr-FR\"}]}<\/script>\n<!-- \/ Yoast SEO plugin. -->","yoast_head_json":{"title":"Bienvenue - Little Acorn Early Learning Centre","robots":{"index":"index","follow":"follow","max-snippet":"max-snippet:-1","max-image-preview":"max-image-preview:large","max-video-preview":"max-video-preview:-1"},"canonical":"http:\/\/littleacornelc.com\/cms\/fr\/","og_locale":"fr_FR","og_type":"article","og_title":"Bienvenue - Little Acorn Early Learning Centre","og_description":"Little Acorn, un centre de la petite enfance bas\u00e9e sur les principes d\u2019apprentissage Reggio, souhaite la bienvenue \u00e0 toutes les familles. Little Acorn a le bonheur de vous offrir tout ce qu\u2019il y a de meilleur en fait de soin et d\u2019\u00e9ducation pour vos enfants dans un cadre bilingue et un environnement enrichi. Nous vous... Lire la suite &raquo;","og_url":"http:\/\/littleacornelc.com\/cms\/fr\/","og_site_name":"Little Acorn Early Learning Centre","article_modified_time":"2019-06-20T13:50:15+00:00","twitter_misc":{"Dur\u00e9e de lecture estim\u00e9e":"1 minute"},"schema":{"@context":"https:\/\/schema.org","@graph":[{"@type":"WebPage","@id":"http:\/\/littleacornelc.com\/cms\/fr\/","url":"http:\/\/littleacornelc.com\/cms\/fr\/","name":"Bienvenue - Little Acorn Early Learning Centre","isPartOf":{"@id":"http:\/\/littleacornelc.com\/cms\/fr\/#website"},"datePublished":"2011-08-29T16:43:17+00:00","dateModified":"2019-06-20T13:50:15+00:00","breadcrumb":{"@id":"http:\/\/littleacornelc.com\/cms\/fr\/#breadcrumb"},"inLanguage":"fr-FR","potentialAction":[{"@type":"ReadAction","target":["http:\/\/littleacornelc.com\/cms\/fr\/"]}]},{"@type":"BreadcrumbList","@id":"http:\/\/littleacornelc.com\/cms\/fr\/#breadcrumb","itemListElement":[{"@type":"ListItem","position":1,"name":"home","item":"http:\/\/littleacornelc.com\/cms\/fr\/"},{"@type":"ListItem","position":2,"name":"Bienvenue"}]},{"@type":"WebSite","@id":"http:\/\/littleacornelc.com\/cms\/fr\/#website","url":"http:\/\/littleacornelc.com\/cms\/fr\/","name":"Little Acorn Early Learning Centre","description":"","potentialAction":[{"@type":"SearchAction","target":{"@type":"EntryPoint","urlTemplate":"http:\/\/littleacornelc.com\/cms\/fr\/?s={search_term_string}"},"query-input":"required name=search_term_string"}],"inLanguage":"fr-FR"}]}},"_links":{"self":[{"href":"http:\/\/littleacornelc.com\/cms\/fr\/wp-json\/wp\/v2\/pages\/4758"}],"collection":[{"href":"http:\/\/littleacornelc.com\/cms\/fr\/wp-json\/wp\/v2\/pages"}],"about":[{"href":"http:\/\/littleacornelc.com\/cms\/fr\/wp-json\/wp\/v2\/types\/page"}],"author":[{"embeddable":true,"href":"http:\/\/littleacornelc.com\/cms\/fr\/wp-json\/wp\/v2\/users\/1"}],"replies":[{"embeddable":true,"href":"http:\/\/littleacornelc.com\/cms\/fr\/wp-json\/wp\/v2\/comments?post=4758"}],"version-history":[{"count":6,"href":"http:\/\/littleacornelc.com\/cms\/fr\/wp-json\/wp\/v2\/pages\/4758\/revisions"}],"predecessor-version":[{"id":5779,"href":"http:\/\/littleacornelc.com\/cms\/fr\/wp-json\/wp\/v2\/pages\/4758\/revisions\/5779"}],"wp:attachment":[{"href":"http:\/\/littleacornelc.com\/cms\/fr\/wp-json\/wp\/v2\/media?parent=4758"}],"curies":[{"name":"wp","href":"https:\/\/api.w.org\/{rel}","templated":true}]}}