{"id":37,"date":"2013-04-30T17:43:46","date_gmt":"2013-04-30T17:43:46","guid":{"rendered":"http:\/\/littleacornelc.com\/cms\/?page_id=37"},"modified":"2022-07-15T13:28:07","modified_gmt":"2022-07-15T17:28:07","slug":"contact-us","status":"publish","type":"page","link":"http:\/\/littleacornelc.com\/cms\/fr\/contact-us\/","title":{"rendered":"Contact Us"},"content":{"rendered":"<p><\/p>\n<h3>En personne<\/h3>\n<p>1921 Ogilvie Rd<br \/>\nOttawa, On<br \/>\nK1J 0B9<\/p>\n<p><a href=\"http:\/\/maps.google.ca\/maps?f=d&amp;saddr=&amp;daddr=600+Bank+St,+Ottawa,+ON&amp;hl=en&amp;geocode=&amp;mra=ls&amp;sll=49.891235,-97.15369&amp;sspn=43.205049,113.90625&amp;ie=UTF8&amp;z=16\">Obtenir des indications pour Little Acorn ELC<\/a><\/p>\n<h3>T\u00e9l\u00e9phone<\/h3>\n<p>T\u00e9l\u00e9phone: 613 741-ROOT (7668)<br \/>\nT\u00e9l\u00e9copieur: 613 216-7664<em id=\"__mceDel\"><br \/>\n<\/em><\/p>\n<h3>Email<\/h3>\n<p><a href=\"mailto:info@acornelc.com\">info@littleacornelc.com<\/a><\/p>","protected":false},"excerpt":{"rendered":"<p>En personne 1921 Ogilvie Rd Ottawa, On K1J 0B9 Obtenir des indications pour Little Acorn ELC T\u00e9l\u00e9phone T\u00e9l\u00e9phone: 613 741-ROOT (7668) T\u00e9l\u00e9copieur: 613 216-7664 Email info@littleacornelc.com<\/p>\n","protected":false},"author":1,"featured_media":0,"parent":0,"menu_order":0,"comment_status":"closed","ping_status":"closed","template":"","meta":[],"yoast_head":"<!-- This site is optimized with the Yoast SEO plugin v19.6.1 - https:\/\/yoast.com\/wordpress\/plugins\/seo\/ -->\n<title>Contact Us - Little Acorn Early Learning Centre<\/title>\n<meta name=\"robots\" content=\"index, follow, max-snippet:-1, max-image-preview:large, max-video-preview:-1\" \/>\n<link rel=\"canonical\" href=\"https:\/\/littleacornelc.com\/cms\/contact-us\/\" \/>\n<meta property=\"og:locale\" content=\"fr_FR\" \/>\n<meta property=\"og:type\" content=\"article\" \/>\n<meta property=\"og:title\" content=\"Contact Us - Little Acorn Early Learning Centre\" \/>\n<meta property=\"og:description\" content=\"En personne 1921 Ogilvie Rd Ottawa, On K1J 0B9 Obtenir des indications pour Little Acorn ELC T\u00e9l\u00e9phone T\u00e9l\u00e9phone: 613 741-ROOT (7668) T\u00e9l\u00e9copieur: 613 216-7664 Email info@littleacornelc.com\" \/>\n<meta property=\"og:url\" content=\"https:\/\/littleacornelc.com\/cms\/contact-us\/\" \/>\n<meta property=\"og:site_name\" content=\"Little Acorn Early Learning Centre\" \/>\n<meta property=\"article:modified_time\" content=\"2022-07-15T17:28:07+00:00\" \/>\n<script type=\"application\/ld+json\" class=\"yoast-schema-graph\">{\"@context\":\"https:\/\/schema.org\",\"@graph\":[{\"@type\":\"WebPage\",\"@id\":\"https:\/\/littleacornelc.com\/cms\/contact-us\/\",\"url\":\"https:\/\/littleacornelc.com\/cms\/contact-us\/\",\"name\":\"Contact Us - Little Acorn Early Learning Centre\",\"isPartOf\":{\"@id\":\"https:\/\/littleacornelc.com\/cms\/fr\/#website\"},\"datePublished\":\"2013-04-30T17:43:46+00:00\",\"dateModified\":\"2022-07-15T17:28:07+00:00\",\"breadcrumb\":{\"@id\":\"https:\/\/littleacornelc.com\/cms\/contact-us\/#breadcrumb\"},\"inLanguage\":\"fr-FR\",\"potentialAction\":[{\"@type\":\"ReadAction\",\"target\":[\"https:\/\/littleacornelc.com\/cms\/contact-us\/\"]}]},{\"@type\":\"BreadcrumbList\",\"@id\":\"https:\/\/littleacornelc.com\/cms\/contact-us\/#breadcrumb\",\"itemListElement\":[{\"@type\":\"ListItem\",\"position\":1,\"name\":\"home\",\"item\":\"https:\/\/littleacornelc.com\/cms\/fr\/\"},{\"@type\":\"ListItem\",\"position\":2,\"name\":\"Contact Us\"}]},{\"@type\":\"WebSite\",\"@id\":\"https:\/\/littleacornelc.com\/cms\/fr\/#website\",\"url\":\"https:\/\/littleacornelc.com\/cms\/fr\/\",\"name\":\"Little Acorn Early Learning Centre\",\"description\":\"\",\"potentialAction\":[{\"@type\":\"SearchAction\",\"target\":{\"@type\":\"EntryPoint\",\"urlTemplate\":\"https:\/\/littleacornelc.com\/cms\/fr\/?s={search_term_string}\"},\"query-input\":\"required name=search_term_string\"}],\"inLanguage\":\"fr-FR\"}]}<\/script>\n<!-- \/ Yoast SEO plugin. -->","yoast_head_json":{"title":"Contact Us - Little Acorn Early Learning Centre","robots":{"index":"index","follow":"follow","max-snippet":"max-snippet:-1","max-image-preview":"max-image-preview:large","max-video-preview":"max-video-preview:-1"},"canonical":"https:\/\/littleacornelc.com\/cms\/contact-us\/","og_locale":"fr_FR","og_type":"article","og_title":"Contact Us - Little Acorn Early Learning Centre","og_description":"En personne 1921 Ogilvie Rd Ottawa, On K1J 0B9 Obtenir des indications pour Little Acorn ELC T\u00e9l\u00e9phone T\u00e9l\u00e9phone: 613 741-ROOT (7668) T\u00e9l\u00e9copieur: 613 216-7664 Email info@littleacornelc.com","og_url":"https:\/\/littleacornelc.com\/cms\/contact-us\/","og_site_name":"Little Acorn Early Learning Centre","article_modified_time":"2022-07-15T17:28:07+00:00","schema":{"@context":"https:\/\/schema.org","@graph":[{"@type":"WebPage","@id":"https:\/\/littleacornelc.com\/cms\/contact-us\/","url":"https:\/\/littleacornelc.com\/cms\/contact-us\/","name":"Contact Us - Little Acorn Early Learning Centre","isPartOf":{"@id":"https:\/\/littleacornelc.com\/cms\/fr\/#website"},"datePublished":"2013-04-30T17:43:46+00:00","dateModified":"2022-07-15T17:28:07+00:00","breadcrumb":{"@id":"https:\/\/littleacornelc.com\/cms\/contact-us\/#breadcrumb"},"inLanguage":"fr-FR","potentialAction":[{"@type":"ReadAction","target":["https:\/\/littleacornelc.com\/cms\/contact-us\/"]}]},{"@type":"BreadcrumbList","@id":"https:\/\/littleacornelc.com\/cms\/contact-us\/#breadcrumb","itemListElement":[{"@type":"ListItem","position":1,"name":"home","item":"https:\/\/littleacornelc.com\/cms\/fr\/"},{"@type":"ListItem","position":2,"name":"Contact Us"}]},{"@type":"WebSite","@id":"https:\/\/littleacornelc.com\/cms\/fr\/#website","url":"https:\/\/littleacornelc.com\/cms\/fr\/","name":"Little Acorn Early Learning Centre","description":"","potentialAction":[{"@type":"SearchAction","target":{"@type":"EntryPoint","urlTemplate":"https:\/\/littleacornelc.com\/cms\/fr\/?s={search_term_string}"},"query-input":"required name=search_term_string"}],"inLanguage":"fr-FR"}]}},"_links":{"self":[{"href":"http:\/\/littleacornelc.com\/cms\/fr\/wp-json\/wp\/v2\/pages\/37"}],"collection":[{"href":"http:\/\/littleacornelc.com\/cms\/fr\/wp-json\/wp\/v2\/pages"}],"about":[{"href":"http:\/\/littleacornelc.com\/cms\/fr\/wp-json\/wp\/v2\/types\/page"}],"author":[{"embeddable":true,"href":"http:\/\/littleacornelc.com\/cms\/fr\/wp-json\/wp\/v2\/users\/1"}],"replies":[{"embeddable":true,"href":"http:\/\/littleacornelc.com\/cms\/fr\/wp-json\/wp\/v2\/comments?post=37"}],"version-history":[{"count":3,"href":"http:\/\/littleacornelc.com\/cms\/fr\/wp-json\/wp\/v2\/pages\/37\/revisions"}],"predecessor-version":[{"id":5997,"href":"http:\/\/littleacornelc.com\/cms\/fr\/wp-json\/wp\/v2\/pages\/37\/revisions\/5997"}],"wp:attachment":[{"href":"http:\/\/littleacornelc.com\/cms\/fr\/wp-json\/wp\/v2\/media?parent=37"}],"curies":[{"name":"wp","href":"https:\/\/api.w.org\/{rel}","templated":true}]}}