{"id":35,"date":"2013-04-29T15:40:39","date_gmt":"2013-04-29T15:40:39","guid":{"rendered":"http:\/\/littleacornelc.com\/cms\/?page_id=7"},"modified":"2022-07-15T13:37:30","modified_gmt":"2022-07-15T17:37:30","slug":"about-us","status":"publish","type":"page","link":"http:\/\/littleacornelc.com\/cms\/fr\/about-us\/","title":{"rendered":"A Propos de Nous"},"content":{"rendered":"<p><\/p>\n<h1>Bienvenue au centre de la petite enfance \u2013 <i>Little Acorn Early Learning Centre<\/i><\/h1>\n<p>Notre objectif est de fournir des programmes d\u2019apprentissage et d\u2019exp\u00e9riences appropri\u00e9es au d\u00e9veloppement de tous les enfants, tout en int\u00e9grant les principes de l\u2019approche Reggio \u00e0 l\u2019\u00e9ducation de la petite enfance.<\/p>\n<p>Nous sommes heureux d\u2019\u00eatre votre partenaire en offrant la meilleure \u00e9ducation et les meilleurs soins pour vos enfants par le biais des meilleurs pratiques possibles.<\/p>\n<p><i>Little Acorn Early Learning Centre<\/i> se rend compte de l\u2019importance de bonnes racines solides pour l\u2019avenir des enfants.<\/p>\n<h1>Notre philosophie<\/h1>\n<p>L\u2019objectif du centre <i>Little Acorn<\/i> est de fournir des programmes d\u2019apprentissage et d\u2019exp\u00e9riences appropri\u00e9s au d\u00e9veloppement des enfants en bas \u00e2ge et d\u2019\u00e2ge pr\u00e9scolaire. Nous nous effor\u00e7ons d\u2019atteindre cet objectif en promouvant la plus haute qualit\u00e9 de professionnalisme et de coh\u00e9rence et un environnement scolaire respectueux, avec un personnel d\u00e9vou\u00e9, qualifi\u00e9 et soucieux.<\/p>\n<p>Nous croyons que l\u2019apprentissage est un processus actif d\u2019auto-construction qui s\u2019effectue en nous tous &#8211; les enfants, les parents, les \u00e9ducateurs, les amis \u2013 tout au long de nos routines quotidiennes, des \u00e9v\u00e9nements sp\u00e9ciaux, et dans la compagnie des autres. L\u2019\u00e9ducateur \u00e9coute attentivement \u00e0 l&rsquo;enfant en tant qu\u2019individu: comp\u00e9tent, ing\u00e9nieux, curieux, imaginatif et inventif, chacun d\u00e9sirant de communiquer avec les autres et avec son environnement. Nous croyons que tout apprentissage \u2013 physique, intellectuel, \u00e9motionnel, social, moral, esth\u00e9tique et cr\u00e9atif \u2013 est reli\u00e9. Il faut avoir des partenariats solides entre tous les environnements d\u2019apprentissage social \u2013 l\u2019\u00e9cole, le foyer et la communaut\u00e9 \u2013 pour faciliter le d\u00e9veloppement de l\u2019enfant. Nous sommes vos partenaires. Chacun de nous, enfants et adultes, apporte sa propre histoire. Nous, en tant qu\u2019\u00e9ducateurs, devons \u00e9couter, dans le sens le plus profond, l\u2019histoire personnelle et la perspective de chaque enfant et de ses parents, afin de rendre notre curriculum et les exp\u00e9riences quotidiennes en classe significatives. L\u2019environnement du centre sera organis\u00e9 pour offrir des occasions d\u2019apprentissage productives rattach\u00e9es \u00e0 ces exp\u00e9riences.<\/p>\n<p>Les enfants sont encourag\u00e9s \u00e0 explorer et \u00e0 r\u00e9soudre des probl\u00e8mes par eux-m\u00eames et en groupes, de participer \u00e0 de petits et de grands projets, de conna\u00eetre et de respecter leur monde ainsi qu\u2019eux-m\u00eames et les autres. Nous sommes conscients de notre responsabilit\u00e9 de pr\u00e9parer les enfants pour un environnement plus formel et nous offrons des exp\u00e9riences qui r\u00e9pondront \u00e0 ce besoin. Nous croyons qu\u2019il est important pour les \u00e9ducateurs de jeunes enfants de poursuivre une croissance professionnelle. \u00c0 cet \u00e9gard, nous fournissons le d\u00e9veloppement professionnel et nous encourageons l\u2019\u00e9tude ind\u00e9pendante. Cela permet d\u2019assurer que le personnel soit pr\u00eat \u00e0 relever les d\u00e9fis d\u2019offrir un programme d\u2019apprentissage mis-\u00e0-jour avec les meilleures pratiques pour la croissance et le d\u00e9veloppement optimal des enfants. Nous sommes conscients de la valeur des partenariats \u00e9troits entre le centre, les familles et la communaut\u00e9 dans l\u2019\u00e9ducation des jeunes enfants et nous favorisons les possibilit\u00e9s de d\u00e9velopper ces relations.<\/p>\n<p>Nous sommes heureux d\u2019offrir l\u2019opportunit\u00e9 pour la formation pratique des futurs \u00e9ducateurs en concert avec les \u00e9coles secondaires et les coll\u00e8ges locaux. Enfin, nous tenons \u00e0 c\u0153ur la responsabilit\u00e9 importante qui nous est confi\u00e9e par les parents, de prendre soin de leurs enfants, de les aimer, de leur fournir un environnement s\u00e9curitaire et attrayant o\u00f9 ils peuvent apprendre, grandir, et jouer, et d\u2019\u00eatre vos partenaires lors de ce moment important de leur petite-enfance.<\/p>\n<h1>Notre histoire<\/h1>\n<p>Nous d\u00e9butons\u2026venez cr\u00e9er notre histoire avec nous!<\/p>\n<h1>Notre directrice<\/h1>\n<p>Joanne Saunders, directrice g\u00e9n\u00e9rale<\/p>\n<p>On m\u2019appelle <i>Miss Joanne<\/i> (Joanne Saunders). Je suis une \u00e9ducatrice de la petite enfance certifi\u00e9e et je travaille \u00e0 la garde des enfants depuis 1978. J\u2019\u00e9tais un parent d\u2019accueil pendant 20 ans et j\u2019ai \u00e9lev\u00e9 trois enfants adoptifs ainsi que mes trois enfants biologiques. J\u2019ai \u00e9tudi\u00e9 plusieurs philosophies pendant ma formation, y compris la philosophie <i>Reggio<\/i> de l\u2019\u00e9ducation pr\u00e9coce provenant de l\u2019Italie. Je suis membre du conseil d\u2019administration de l\u2019Association de l\u2019\u00e9ducation de la petite enfance o\u00f9 j\u2019ai aussi servi en tant que pr\u00e9sidente. J\u2019ai enseign\u00e9 l\u2019\u00e9ducation de la petite enfance \u00e0 la formation continue au Coll\u00e8ge Algonquin. J\u2019ai pr\u00e9conis\u00e9 en faveur de services pour les familles \u00e0 plusieurs occasions et je demeure engag\u00e9e \u00e0 servir les enfants et leurs familles de toutes mes forces.<\/p>\n<p>Mille sourires,<\/p>\n<p><i>Miss Joanne<\/i><\/p>\n<p>Nos valeurs cl\u00e9s incluent: \u00abEnvironnement aimant et s\u00e9curitaire,\u00bb \u00abProgrammation de qualit\u00e9 pour la petite enfance,\u00bb et \u00abLeadership en \u00e9ducation et la garde de la petite enfance.\u00bb Ces valeurs ne peuvent \u00eatre atteintes sans nos professionnels engag\u00e9s, form\u00e9s et enrichis de l&rsquo;entrainement suppl\u00e9mentaire de l\u2019approche <i>Reggio<\/i>.<\/p>\n<p>Nous avons une \u00e9quipe formidable qui travaille a brasse-corps afin de pouvoir ouvrir notre centre \u00e0 la date pr\u00e9vue. Tout le personnel de <i>Acorn Early Learning Centre<\/i> soutient l\u2019ouverture de <i>Little Acorn<\/i> en partenariat avec:<\/p>\n<ul>\n<li>Plenary Group<\/li>\n<li>WZMH Architects<\/li>\n<li>Le minist\u00e8re de l\u2019\u00e9ducation (permis)<\/li>\n<li>Le minist\u00e8re de la sant\u00e9<\/li>\n<li>Douglas Crump Electrical<\/li>\n<li>Chris Busby Construction<\/li>\n<\/ul>\n<p>La liste sera mise-\u00e0-jour r\u00e9guli\u00e8rement.<\/p>\n<h1>La s\u00e9curit\u00e9<\/h1>\n<p><i>Little Acorn Early Learning Centre<\/i> (LAELC) prend au s\u00e9rieux la s\u00e9curit\u00e9 de votre enfant. Un syst\u00e8me de s\u00e9curit\u00e9 sera mis en place permettant l\u2019entr\u00e9e au centre seulement \u00e0 ceux qui d\u00e9tiennent le mot passe. Autrement, un \u00e9ducateur devra permettre votre entr\u00e9e. En cas d\u2019urgence, il est tr\u00e8s important que nous avions votre num\u00e9ro de t\u00e9l\u00e9phone et votre adresse \u00e9lectronique pour vous rejoindre sans d\u00e9lai.<\/p>\n<h1>Politique de porte-ouverte<\/h1>\n<p><i>Little Acorn<\/i> comprend et respecte bien que la relation la plus importante est celle entre un parent et son enfant. Nous savons \u00e0 quel point c\u2019est difficile de laisser son enfant aux soins des autres. Il est important que vous ayez aussi une relation avec les \u00e9ducateurs \u00e0 <i>Little Acorn<\/i> et nous vous encourageons \u00e0 passer autant de temps que possible au centre. Nous aimerions que vous veniez prendre le lunch avec votre enfant ou que vos veniez lui rendre visite \u00e0 tout autre moment de la journ\u00e9e.<\/p>\n<p>Notre objectif est de fournir des programmes d\u2019apprentissage et d\u2019exp\u00e9riences appropri\u00e9es au d\u00e9veloppement de tous les enfants, tout en int\u00e9grant les principes de l\u2019approche Reggio \u00e0 l\u2019\u00e9ducation de la petite enfance.<\/p>\n<p>Nous sommes heureux d\u2019\u00eatre votre partenaire en offrant la meilleure \u00e9ducation et les meilleurs soins pour vos enfants par le biais des meilleurs pratiques possibles.<\/p>\n<p><i>Little Acorn Early Learning Centre<\/i> se rend compte de l\u2019importance de bonnes racines solides pour l\u2019avenir des enfants.<\/p>","protected":false},"excerpt":{"rendered":"<p>Bienvenue au centre de la petite enfance \u2013 Little Acorn Early Learning Centre Notre objectif est de fournir des programmes d\u2019apprentissage et d\u2019exp\u00e9riences appropri\u00e9es au d\u00e9veloppement de tous les enfants, tout en int\u00e9grant les principes de l\u2019approche Reggio \u00e0 l\u2019\u00e9ducation de la petite enfance. Nous sommes heureux d\u2019\u00eatre votre partenaire en offrant la meilleure \u00e9ducation&#8230;  <a class=\"excerpt-read-more\" href=\"http:\/\/littleacornelc.com\/cms\/fr\/about-us\/\" title=\"Read A Propos de Nous\">Lire la suite &raquo;<\/a><\/p>\n","protected":false},"author":1,"featured_media":0,"parent":0,"menu_order":0,"comment_status":"closed","ping_status":"closed","template":"","meta":[],"yoast_head":"<!-- This site is optimized with the Yoast SEO plugin v19.6.1 - https:\/\/yoast.com\/wordpress\/plugins\/seo\/ -->\n<title>A Propos de Nous - Little Acorn Early Learning Centre<\/title>\n<meta name=\"robots\" content=\"index, follow, max-snippet:-1, max-image-preview:large, max-video-preview:-1\" \/>\n<link rel=\"canonical\" href=\"https:\/\/littleacornelc.com\/cms\/fr\/about-us\/\" \/>\n<meta property=\"og:locale\" content=\"fr_FR\" \/>\n<meta property=\"og:type\" content=\"article\" \/>\n<meta property=\"og:title\" content=\"A Propos de Nous - Little Acorn Early Learning Centre\" \/>\n<meta property=\"og:description\" content=\"Bienvenue au centre de la petite enfance \u2013 Little Acorn Early Learning Centre Notre objectif est de fournir des programmes d\u2019apprentissage et d\u2019exp\u00e9riences appropri\u00e9es au d\u00e9veloppement de tous les enfants, tout en int\u00e9grant les principes de l\u2019approche Reggio \u00e0 l\u2019\u00e9ducation de la petite enfance. Nous sommes heureux d\u2019\u00eatre votre partenaire en offrant la meilleure \u00e9ducation... Lire la suite &raquo;\" \/>\n<meta property=\"og:url\" content=\"https:\/\/littleacornelc.com\/cms\/fr\/about-us\/\" \/>\n<meta property=\"og:site_name\" content=\"Little Acorn Early Learning Centre\" \/>\n<meta property=\"article:modified_time\" content=\"2022-07-15T17:37:30+00:00\" \/>\n<meta name=\"twitter:label1\" content=\"Dur\u00e9e de lecture estim\u00e9e\" \/>\n\t<meta name=\"twitter:data1\" content=\"14 minutes\" \/>\n<script type=\"application\/ld+json\" class=\"yoast-schema-graph\">{\"@context\":\"https:\/\/schema.org\",\"@graph\":[{\"@type\":\"WebPage\",\"@id\":\"https:\/\/littleacornelc.com\/cms\/fr\/about-us\/\",\"url\":\"https:\/\/littleacornelc.com\/cms\/fr\/about-us\/\",\"name\":\"A Propos de Nous - Little Acorn Early Learning Centre\",\"isPartOf\":{\"@id\":\"http:\/\/littleacornelc.com\/cms\/fr\/#website\"},\"datePublished\":\"2013-04-29T15:40:39+00:00\",\"dateModified\":\"2022-07-15T17:37:30+00:00\",\"breadcrumb\":{\"@id\":\"https:\/\/littleacornelc.com\/cms\/fr\/about-us\/#breadcrumb\"},\"inLanguage\":\"fr-FR\",\"potentialAction\":[{\"@type\":\"ReadAction\",\"target\":[\"https:\/\/littleacornelc.com\/cms\/fr\/about-us\/\"]}]},{\"@type\":\"BreadcrumbList\",\"@id\":\"https:\/\/littleacornelc.com\/cms\/fr\/about-us\/#breadcrumb\",\"itemListElement\":[{\"@type\":\"ListItem\",\"position\":1,\"name\":\"home\",\"item\":\"http:\/\/littleacornelc.com\/cms\/fr\/\"},{\"@type\":\"ListItem\",\"position\":2,\"name\":\"A Propos de Nous\"}]},{\"@type\":\"WebSite\",\"@id\":\"http:\/\/littleacornelc.com\/cms\/fr\/#website\",\"url\":\"http:\/\/littleacornelc.com\/cms\/fr\/\",\"name\":\"Little Acorn Early Learning Centre\",\"description\":\"\",\"potentialAction\":[{\"@type\":\"SearchAction\",\"target\":{\"@type\":\"EntryPoint\",\"urlTemplate\":\"http:\/\/littleacornelc.com\/cms\/fr\/?s={search_term_string}\"},\"query-input\":\"required name=search_term_string\"}],\"inLanguage\":\"fr-FR\"}]}<\/script>\n<!-- \/ Yoast SEO plugin. -->","yoast_head_json":{"title":"A Propos de Nous - Little Acorn Early Learning Centre","robots":{"index":"index","follow":"follow","max-snippet":"max-snippet:-1","max-image-preview":"max-image-preview:large","max-video-preview":"max-video-preview:-1"},"canonical":"https:\/\/littleacornelc.com\/cms\/fr\/about-us\/","og_locale":"fr_FR","og_type":"article","og_title":"A Propos de Nous - Little Acorn Early Learning Centre","og_description":"Bienvenue au centre de la petite enfance \u2013 Little Acorn Early Learning Centre Notre objectif est de fournir des programmes d\u2019apprentissage et d\u2019exp\u00e9riences appropri\u00e9es au d\u00e9veloppement de tous les enfants, tout en int\u00e9grant les principes de l\u2019approche Reggio \u00e0 l\u2019\u00e9ducation de la petite enfance. Nous sommes heureux d\u2019\u00eatre votre partenaire en offrant la meilleure \u00e9ducation... Lire la suite &raquo;","og_url":"https:\/\/littleacornelc.com\/cms\/fr\/about-us\/","og_site_name":"Little Acorn Early Learning Centre","article_modified_time":"2022-07-15T17:37:30+00:00","twitter_misc":{"Dur\u00e9e de lecture estim\u00e9e":"14 minutes"},"schema":{"@context":"https:\/\/schema.org","@graph":[{"@type":"WebPage","@id":"https:\/\/littleacornelc.com\/cms\/fr\/about-us\/","url":"https:\/\/littleacornelc.com\/cms\/fr\/about-us\/","name":"A Propos de Nous - Little Acorn Early Learning Centre","isPartOf":{"@id":"http:\/\/littleacornelc.com\/cms\/fr\/#website"},"datePublished":"2013-04-29T15:40:39+00:00","dateModified":"2022-07-15T17:37:30+00:00","breadcrumb":{"@id":"https:\/\/littleacornelc.com\/cms\/fr\/about-us\/#breadcrumb"},"inLanguage":"fr-FR","potentialAction":[{"@type":"ReadAction","target":["https:\/\/littleacornelc.com\/cms\/fr\/about-us\/"]}]},{"@type":"BreadcrumbList","@id":"https:\/\/littleacornelc.com\/cms\/fr\/about-us\/#breadcrumb","itemListElement":[{"@type":"ListItem","position":1,"name":"home","item":"http:\/\/littleacornelc.com\/cms\/fr\/"},{"@type":"ListItem","position":2,"name":"A Propos de Nous"}]},{"@type":"WebSite","@id":"http:\/\/littleacornelc.com\/cms\/fr\/#website","url":"http:\/\/littleacornelc.com\/cms\/fr\/","name":"Little Acorn Early Learning Centre","description":"","potentialAction":[{"@type":"SearchAction","target":{"@type":"EntryPoint","urlTemplate":"http:\/\/littleacornelc.com\/cms\/fr\/?s={search_term_string}"},"query-input":"required name=search_term_string"}],"inLanguage":"fr-FR"}]}},"_links":{"self":[{"href":"http:\/\/littleacornelc.com\/cms\/fr\/wp-json\/wp\/v2\/pages\/35"}],"collection":[{"href":"http:\/\/littleacornelc.com\/cms\/fr\/wp-json\/wp\/v2\/pages"}],"about":[{"href":"http:\/\/littleacornelc.com\/cms\/fr\/wp-json\/wp\/v2\/types\/page"}],"author":[{"embeddable":true,"href":"http:\/\/littleacornelc.com\/cms\/fr\/wp-json\/wp\/v2\/users\/1"}],"replies":[{"embeddable":true,"href":"http:\/\/littleacornelc.com\/cms\/fr\/wp-json\/wp\/v2\/comments?post=35"}],"version-history":[{"count":11,"href":"http:\/\/littleacornelc.com\/cms\/fr\/wp-json\/wp\/v2\/pages\/35\/revisions"}],"predecessor-version":[{"id":5999,"href":"http:\/\/littleacornelc.com\/cms\/fr\/wp-json\/wp\/v2\/pages\/35\/revisions\/5999"}],"wp:attachment":[{"href":"http:\/\/littleacornelc.com\/cms\/fr\/wp-json\/wp\/v2\/media?parent=35"}],"curies":[{"name":"wp","href":"https:\/\/api.w.org\/{rel}","templated":true}]}}