{"id":26,"date":"2013-04-29T22:06:55","date_gmt":"2013-04-29T22:06:55","guid":{"rendered":"http:\/\/littleacornelc.com\/cms\/?page_id=26"},"modified":"2024-06-20T17:05:42","modified_gmt":"2024-06-20T21:05:42","slug":"programs","status":"publish","type":"page","link":"http:\/\/littleacornelc.com\/cms\/fr\/programs\/","title":{"rendered":"Programmes"},"content":{"rendered":"<p><\/p>\n<h2>Les groupes d\u2019enfants<\/h2>\n<h3>L\u2019\u00e9ducation pr\u00e9scolaire est autoris\u00e9e comme suit:<\/h3>\n<ul>\n<li>2 salles de classe jusqu\u2019\u00e0 15 enfants chacune, pour enfants en bas \u00e2ge, soit de 18 \u00e0 30 mois<\/li>\n<li>2 salles de classe jusqu\u2019\u00e0 24 enfants chacune, pour enfants d\u2019\u00e2ge pr\u00e9scolaire, soit de 30 \u00e0 60 mois<\/li>\n<li>1 salle de classe jusqu&rsquo;\u00e0 10 enfants, pour enfants d&rsquo;\u00e2ge pr\u00e9scolaire, soit de 44 \u00e0 60 mois<\/li>\n<\/ul>\n<h2>Frais de garde<\/h2>\n<p>Ces frais sont approximatifs.<\/p>\n<p>Frais de garde pour un enfant en bas \u00e2ge: 1488,00 $ par mois<\/p>\n<p>Frais de garde pour un enfant pr\u00e9scolaire: 1388,00 $ par mois<\/p>\n<p>La nourriture est incluse dans ces frais. Nous rencontrons un traiteur qui se sp\u00e9cialise en nourriture organique, \u00e0 grains entiers et locale. Notre site web sera mis-\u00e0-jour aussit\u00f4t que nous aurons des renseignements suppl\u00e9mentaires.<\/p>\n<h2>L\u2019art et la cr\u00e9ativit\u00e9<\/h2>\n<p>Nous reconnaissons l\u2019importance de l\u2019art et de la cr\u00e9ativit\u00e9 dans le d\u00e9veloppement de l\u2019enfant. La cr\u00e9ativit\u00e9 est une comp\u00e9tence importante pour le succ\u00e8s \u00e0 l\u2019\u00e9cole, au travail, et dans la vie quotidienne. L\u2019art aide au d\u00e9veloppement de la motricit\u00e9 fine, a la capacit\u00e9 de r\u00e9soudre des probl\u00e8mes en contextes vari\u00e9s, \u00e0 l\u2019expression personnelle, ainsi qu\u2019\u00e0 la d\u00e9couverte d\u2019autres cultures.<\/p>\n<p>&nbsp;<\/p>\n<h2>La musique<\/h2>\n<p>Nous sommes d\u2019avis que la musique occupe une place importante dans le d\u00e9veloppement intellectuel de l\u2019enfant et aura un professeur de musique parmi son personnel pour enseigner un programme de musique distinct.\u00a0 Le programme sera en partenariat avec le programme d&rsquo;\u00e9tudes pour enfants et offrira une vari\u00e9t\u00e9 d\u2019exp\u00e9riences musicales.<\/p>\n<h2>Inscription<\/h2>\n<p>Le centre de la petite enfance \u2013 <i>Little Acorn Early Learning Centre<\/i> est ouvert pendant toute l\u2019ann\u00e9e. Lorsqu\u2019une place se lib\u00e8re ou qu\u2019une famille nous informe de leur retrait, nous identifions un enfant rempla\u00e7ant en consultant la liste d\u2019attente et la liste d\u2019attente centralis\u00e9e pour les services de garde agr\u00e9\u00e9s d\u2019Ottawa.<\/p>\n<p>Nous vous conseillons de rendre une visite au centre au moment o\u00f9 vous inscrivez votre enfant sur la liste d\u2019attente, si possible, mais ce n\u2019est pas obligatoire. Nous voulons que vous soyiez en mesure de prendre des d\u00e9cisions \u00e9clair\u00e9es pour l\u2019\u00e9ducation et les soins de votre enfant.<\/p>\n<p>Pour vous inscrire sur la liste d\u2019attente, SVP remplissez la formule (LAELC \u2013 Formule d\u2019inscription pour la liste d\u2019attente \u00e0 <i>Little Acorn<\/i>) et envoyez-le par courriel \u00e0 <a href=\"mailto:info@littleacornelc.com\">info@littleacornelc.com<\/a>.<\/p>","protected":false},"excerpt":{"rendered":"<p>Les groupes d\u2019enfants L\u2019\u00e9ducation pr\u00e9scolaire est autoris\u00e9e comme suit: 2 salles de classe jusqu\u2019\u00e0 15 enfants chacune, pour enfants en bas \u00e2ge, soit de 18 \u00e0 30 mois 2 salles de classe jusqu\u2019\u00e0 24 enfants chacune, pour enfants d\u2019\u00e2ge pr\u00e9scolaire, soit de 30 \u00e0 60 mois 1 salle de classe jusqu&rsquo;\u00e0 10 enfants, pour enfants&#8230;  <a class=\"excerpt-read-more\" href=\"http:\/\/littleacornelc.com\/cms\/fr\/programs\/\" title=\"Read Programmes\">Lire la suite &raquo;<\/a><\/p>\n","protected":false},"author":1,"featured_media":0,"parent":0,"menu_order":0,"comment_status":"closed","ping_status":"closed","template":"","meta":[],"yoast_head":"<!-- This site is optimized with the Yoast SEO plugin v19.6.1 - https:\/\/yoast.com\/wordpress\/plugins\/seo\/ -->\n<title>Programmes - Little Acorn Early Learning Centre<\/title>\n<meta name=\"robots\" content=\"index, follow, max-snippet:-1, max-image-preview:large, max-video-preview:-1\" \/>\n<link rel=\"canonical\" href=\"https:\/\/littleacornelc.com\/cms\/programs\/\" \/>\n<meta property=\"og:locale\" content=\"fr_FR\" \/>\n<meta property=\"og:type\" content=\"article\" \/>\n<meta property=\"og:title\" content=\"Programmes - Little Acorn Early Learning Centre\" \/>\n<meta property=\"og:description\" content=\"Les groupes d\u2019enfants L\u2019\u00e9ducation pr\u00e9scolaire est autoris\u00e9e comme suit: 2 salles de classe jusqu\u2019\u00e0 15 enfants chacune, pour enfants en bas \u00e2ge, soit de 18 \u00e0 30 mois 2 salles de classe jusqu\u2019\u00e0 24 enfants chacune, pour enfants d\u2019\u00e2ge pr\u00e9scolaire, soit de 30 \u00e0 60 mois 1 salle de classe jusqu&rsquo;\u00e0 10 enfants, pour enfants... Lire la suite &raquo;\" \/>\n<meta property=\"og:url\" content=\"https:\/\/littleacornelc.com\/cms\/programs\/\" \/>\n<meta property=\"og:site_name\" content=\"Little Acorn Early Learning Centre\" \/>\n<meta property=\"article:modified_time\" content=\"2024-06-20T21:05:42+00:00\" \/>\n<meta name=\"twitter:label1\" content=\"Dur\u00e9e de lecture estim\u00e9e\" \/>\n\t<meta name=\"twitter:data1\" content=\"3 minutes\" \/>\n<script type=\"application\/ld+json\" class=\"yoast-schema-graph\">{\"@context\":\"https:\/\/schema.org\",\"@graph\":[{\"@type\":\"WebPage\",\"@id\":\"https:\/\/littleacornelc.com\/cms\/programs\/\",\"url\":\"https:\/\/littleacornelc.com\/cms\/programs\/\",\"name\":\"Programmes - Little Acorn Early Learning Centre\",\"isPartOf\":{\"@id\":\"http:\/\/littleacornelc.com\/cms\/fr\/#website\"},\"datePublished\":\"2013-04-29T22:06:55+00:00\",\"dateModified\":\"2024-06-20T21:05:42+00:00\",\"breadcrumb\":{\"@id\":\"https:\/\/littleacornelc.com\/cms\/programs\/#breadcrumb\"},\"inLanguage\":\"fr-FR\",\"potentialAction\":[{\"@type\":\"ReadAction\",\"target\":[\"https:\/\/littleacornelc.com\/cms\/programs\/\"]}]},{\"@type\":\"BreadcrumbList\",\"@id\":\"https:\/\/littleacornelc.com\/cms\/programs\/#breadcrumb\",\"itemListElement\":[{\"@type\":\"ListItem\",\"position\":1,\"name\":\"home\",\"item\":\"http:\/\/littleacornelc.com\/cms\/fr\/\"},{\"@type\":\"ListItem\",\"position\":2,\"name\":\"Programs\"}]},{\"@type\":\"WebSite\",\"@id\":\"http:\/\/littleacornelc.com\/cms\/fr\/#website\",\"url\":\"http:\/\/littleacornelc.com\/cms\/fr\/\",\"name\":\"Little Acorn Early Learning Centre\",\"description\":\"\",\"potentialAction\":[{\"@type\":\"SearchAction\",\"target\":{\"@type\":\"EntryPoint\",\"urlTemplate\":\"http:\/\/littleacornelc.com\/cms\/fr\/?s={search_term_string}\"},\"query-input\":\"required name=search_term_string\"}],\"inLanguage\":\"fr-FR\"}]}<\/script>\n<!-- \/ Yoast SEO plugin. -->","yoast_head_json":{"title":"Programmes - Little Acorn Early Learning Centre","robots":{"index":"index","follow":"follow","max-snippet":"max-snippet:-1","max-image-preview":"max-image-preview:large","max-video-preview":"max-video-preview:-1"},"canonical":"https:\/\/littleacornelc.com\/cms\/programs\/","og_locale":"fr_FR","og_type":"article","og_title":"Programmes - Little Acorn Early Learning Centre","og_description":"Les groupes d\u2019enfants L\u2019\u00e9ducation pr\u00e9scolaire est autoris\u00e9e comme suit: 2 salles de classe jusqu\u2019\u00e0 15 enfants chacune, pour enfants en bas \u00e2ge, soit de 18 \u00e0 30 mois 2 salles de classe jusqu\u2019\u00e0 24 enfants chacune, pour enfants d\u2019\u00e2ge pr\u00e9scolaire, soit de 30 \u00e0 60 mois 1 salle de classe jusqu&rsquo;\u00e0 10 enfants, pour enfants... Lire la suite &raquo;","og_url":"https:\/\/littleacornelc.com\/cms\/programs\/","og_site_name":"Little Acorn Early Learning Centre","article_modified_time":"2024-06-20T21:05:42+00:00","twitter_misc":{"Dur\u00e9e de lecture estim\u00e9e":"3 minutes"},"schema":{"@context":"https:\/\/schema.org","@graph":[{"@type":"WebPage","@id":"https:\/\/littleacornelc.com\/cms\/programs\/","url":"https:\/\/littleacornelc.com\/cms\/programs\/","name":"Programmes - Little Acorn Early Learning Centre","isPartOf":{"@id":"http:\/\/littleacornelc.com\/cms\/fr\/#website"},"datePublished":"2013-04-29T22:06:55+00:00","dateModified":"2024-06-20T21:05:42+00:00","breadcrumb":{"@id":"https:\/\/littleacornelc.com\/cms\/programs\/#breadcrumb"},"inLanguage":"fr-FR","potentialAction":[{"@type":"ReadAction","target":["https:\/\/littleacornelc.com\/cms\/programs\/"]}]},{"@type":"BreadcrumbList","@id":"https:\/\/littleacornelc.com\/cms\/programs\/#breadcrumb","itemListElement":[{"@type":"ListItem","position":1,"name":"home","item":"http:\/\/littleacornelc.com\/cms\/fr\/"},{"@type":"ListItem","position":2,"name":"Programs"}]},{"@type":"WebSite","@id":"http:\/\/littleacornelc.com\/cms\/fr\/#website","url":"http:\/\/littleacornelc.com\/cms\/fr\/","name":"Little Acorn Early Learning Centre","description":"","potentialAction":[{"@type":"SearchAction","target":{"@type":"EntryPoint","urlTemplate":"http:\/\/littleacornelc.com\/cms\/fr\/?s={search_term_string}"},"query-input":"required name=search_term_string"}],"inLanguage":"fr-FR"}]}},"_links":{"self":[{"href":"http:\/\/littleacornelc.com\/cms\/fr\/wp-json\/wp\/v2\/pages\/26"}],"collection":[{"href":"http:\/\/littleacornelc.com\/cms\/fr\/wp-json\/wp\/v2\/pages"}],"about":[{"href":"http:\/\/littleacornelc.com\/cms\/fr\/wp-json\/wp\/v2\/types\/page"}],"author":[{"embeddable":true,"href":"http:\/\/littleacornelc.com\/cms\/fr\/wp-json\/wp\/v2\/users\/1"}],"replies":[{"embeddable":true,"href":"http:\/\/littleacornelc.com\/cms\/fr\/wp-json\/wp\/v2\/comments?post=26"}],"version-history":[{"count":13,"href":"http:\/\/littleacornelc.com\/cms\/fr\/wp-json\/wp\/v2\/pages\/26\/revisions"}],"predecessor-version":[{"id":6242,"href":"http:\/\/littleacornelc.com\/cms\/fr\/wp-json\/wp\/v2\/pages\/26\/revisions\/6242"}],"wp:attachment":[{"href":"http:\/\/littleacornelc.com\/cms\/fr\/wp-json\/wp\/v2\/media?parent=26"}],"curies":[{"name":"wp","href":"https:\/\/api.w.org\/{rel}","templated":true}]}}